{"id":12609,"date":"2024-11-07T11:20:45","date_gmt":"2024-11-07T11:20:45","guid":{"rendered":"https:\/\/iurisdoc.com\/nosotros\/"},"modified":"2025-01-23T16:04:01","modified_gmt":"2025-01-23T16:04:01","slug":"nosotros","status":"publish","type":"page","link":"https:\/\/iurisdoc.com\/es\/nosotros\/","title":{"rendered":"Nosotros"},"content":{"rendered":"<section class=\"gb-container gb-container-dc6ffc22 alignfull\">\n<div class=\"gb-container gb-container-1fea3fbd section-inner\" data-rellax-speed=\"-5\" data-rellax-tablet-speed=\"-8\">\n<div class=\"gb-container gb-container-a1f38dd2 title-split\">\n\n<h1 class=\"gb-headline gb-headline-a7b17e7d gb-headline-text\"><strong>Naturalmente<\/strong><br>digitales<\/h1>\n\n<\/div>\n\n<div class=\"gb-container gb-container-4dcb618b text-reveal\">\n\n<h2 class=\"gb-headline gb-headline-f4ffc026 gb-headline-text text-large\">creativos, curiosos, eficientes, rigurosos, flexibles, cercanos, rojos y\u2026 naturales.<\/h2>\n\n<\/div>\n<\/div>\n<\/section>\n\n<section class=\"gb-container gb-container-25230034 alignfull\">\n<div class=\"gb-container gb-container-2761efbd section-inner\">\n\n<h2 class=\"gb-headline gb-headline-f3342da2 gb-headline-text section-title\" data-aos=\"fade-up\">Descubre la diversidad de nuestro h\u00e1bitat.<\/h2>\n\n\n<div class=\"gb-container gb-container-4663f532\">\n<div class=\"gb-grid-wrapper gb-grid-wrapper-ec69406e especies-iuris\">\n<div class=\"gb-grid-column gb-grid-column-d79ce88a\"><div class=\"gb-container gb-container-d79ce88a\">\n<div class=\"gb-container gb-container-a8332938 especies-iuris-img\">\n\n<figure class=\"gb-block-image gb-block-image-06110f51\"><img width=\"880\" height=\"880\" class=\"gb-image gb-image-06110f51\" src=\"https:\/\/iurisdoc.com\/wp-content\/uploads\/img-especies-tigre.jpg\" alt=\"\" title=\"Consultores estrat\u00e9gicos\" srcset=\"https:\/\/iurisdoc.com\/wp-content\/uploads\/img-especies-tigre.jpg 880w, https:\/\/iurisdoc.com\/wp-content\/uploads\/img-especies-tigre-800x800.jpg 800w, https:\/\/iurisdoc.com\/wp-content\/uploads\/img-especies-tigre-300x300.jpg 300w, https:\/\/iurisdoc.com\/wp-content\/uploads\/img-especies-tigre-768x768.jpg 768w\" sizes=\"(max-width: 880px) 100vw, 880px\" \/><\/figure>\n\n<\/div>\n\n<div class=\"gb-container gb-container-5a6a345e especies-iuris-txt\">\n\n<div class=\"gb-headline gb-headline-c50a400d gb-headline-text\">Consultores<br>estrat\u00e9gicos<\/div>\n\n<\/div>\n<\/div><\/div>\n\n<div class=\"gb-grid-column gb-grid-column-782992f5\"><div class=\"gb-container gb-container-782992f5\">\n<div class=\"gb-container gb-container-f462bd03 especies-iuris-img\">\n\n<figure class=\"gb-block-image gb-block-image-25000526\"><img width=\"880\" height=\"880\" class=\"gb-image gb-image-25000526\" src=\"https:\/\/iurisdoc.com\/wp-content\/uploads\/img-especies-gos.jpg\" alt=\"\" title=\"Periodistas digitales\" srcset=\"https:\/\/iurisdoc.com\/wp-content\/uploads\/img-especies-gos.jpg 880w, https:\/\/iurisdoc.com\/wp-content\/uploads\/img-especies-gos-800x800.jpg 800w, https:\/\/iurisdoc.com\/wp-content\/uploads\/img-especies-gos-300x300.jpg 300w, https:\/\/iurisdoc.com\/wp-content\/uploads\/img-especies-gos-768x768.jpg 768w\" sizes=\"(max-width: 880px) 100vw, 880px\" \/><\/figure>\n\n<\/div>\n\n<div class=\"gb-container gb-container-a6ab0ee9 especies-iuris-txt\">\n\n<div class=\"gb-headline gb-headline-9d517e77 gb-headline-text\">Periodistas<br>digitales<\/div>\n\n<\/div>\n<\/div><\/div>\n\n<div class=\"gb-grid-column gb-grid-column-3859a8fe\"><div class=\"gb-container gb-container-3859a8fe\">\n<div class=\"gb-container gb-container-d7a81e6c especies-iuris-img\">\n\n<figure class=\"gb-block-image gb-block-image-c3217821\"><img width=\"880\" height=\"880\" class=\"gb-image gb-image-c3217821\" src=\"https:\/\/iurisdoc.com\/wp-content\/uploads\/img-especies-lloro.jpg\" alt=\"\" title=\"Community Managers\" srcset=\"https:\/\/iurisdoc.com\/wp-content\/uploads\/img-especies-lloro.jpg 880w, https:\/\/iurisdoc.com\/wp-content\/uploads\/img-especies-lloro-800x800.jpg 800w, https:\/\/iurisdoc.com\/wp-content\/uploads\/img-especies-lloro-300x300.jpg 300w, https:\/\/iurisdoc.com\/wp-content\/uploads\/img-especies-lloro-768x768.jpg 768w\" sizes=\"(max-width: 880px) 100vw, 880px\" \/><\/figure>\n\n<\/div>\n\n<div class=\"gb-container gb-container-f00c2ec4 especies-iuris-txt\">\n\n<div class=\"gb-headline gb-headline-bae5143a gb-headline-text\">Community<br>Managers<\/div>\n\n<\/div>\n<\/div><\/div>\n\n<div class=\"gb-grid-column gb-grid-column-ccfcf41a\"><div class=\"gb-container gb-container-ccfcf41a\">\n<div class=\"gb-container gb-container-3578a490 especies-iuris-img\">\n\n<figure class=\"gb-block-image gb-block-image-1bc9f170\"><img width=\"880\" height=\"880\" class=\"gb-image gb-image-1bc9f170\" src=\"https:\/\/iurisdoc.com\/wp-content\/uploads\/img-especies-peix.jpg\" alt=\"\" title=\"img-especies-pez\" srcset=\"https:\/\/iurisdoc.com\/wp-content\/uploads\/img-especies-peix.jpg 880w, https:\/\/iurisdoc.com\/wp-content\/uploads\/img-especies-peix-800x800.jpg 800w, https:\/\/iurisdoc.com\/wp-content\/uploads\/img-especies-peix-300x300.jpg 300w, https:\/\/iurisdoc.com\/wp-content\/uploads\/img-especies-peix-768x768.jpg 768w\" sizes=\"(max-width: 880px) 100vw, 880px\" \/><\/figure>\n\n<\/div>\n\n<div class=\"gb-container gb-container-1e6e3984 especies-iuris-txt\">\n\n<div class=\"gb-headline gb-headline-95815537 gb-headline-text\">Dise\u00f1adores<\/div>\n\n<\/div>\n<\/div><\/div>\n\n<div class=\"gb-grid-column gb-grid-column-6eb6c849\"><div class=\"gb-container gb-container-6eb6c849\">\n<div class=\"gb-container gb-container-2573def3 especies-iuris-img\">\n\n<figure class=\"gb-block-image gb-block-image-549ca026\"><img width=\"880\" height=\"880\" class=\"gb-image gb-image-549ca026\" src=\"https:\/\/iurisdoc.com\/wp-content\/uploads\/img-especies-nutria.jpg\" alt=\"\" title=\"Arquitectos de la informaci\u00f3n\" srcset=\"https:\/\/iurisdoc.com\/wp-content\/uploads\/img-especies-nutria.jpg 880w, https:\/\/iurisdoc.com\/wp-content\/uploads\/img-especies-nutria-800x800.jpg 800w, https:\/\/iurisdoc.com\/wp-content\/uploads\/img-especies-nutria-300x300.jpg 300w, https:\/\/iurisdoc.com\/wp-content\/uploads\/img-especies-nutria-768x768.jpg 768w\" sizes=\"(max-width: 880px) 100vw, 880px\" \/><\/figure>\n\n<\/div>\n\n<div class=\"gb-container gb-container-ab8547a0 especies-iuris-txt\">\n\n<div class=\"gb-headline gb-headline-b8e17a57 gb-headline-text\">Arquitectos<br><small>de la informaci\u00f3n<\/small><\/div>\n\n<\/div>\n<\/div><\/div>\n\n<div class=\"gb-grid-column gb-grid-column-98264b6d\"><div class=\"gb-container gb-container-98264b6d\">\n<div class=\"gb-container gb-container-fccec94f especies-iuris-img\">\n\n<figure class=\"gb-block-image gb-block-image-2d5e2e61\"><img width=\"880\" height=\"880\" class=\"gb-image gb-image-2d5e2e61\" src=\"https:\/\/iurisdoc.com\/wp-content\/uploads\/img-especies-panda.jpg\" alt=\"\" title=\"Programadores\" srcset=\"https:\/\/iurisdoc.com\/wp-content\/uploads\/img-especies-panda.jpg 880w, https:\/\/iurisdoc.com\/wp-content\/uploads\/img-especies-panda-800x800.jpg 800w, https:\/\/iurisdoc.com\/wp-content\/uploads\/img-especies-panda-300x300.jpg 300w, https:\/\/iurisdoc.com\/wp-content\/uploads\/img-especies-panda-768x768.jpg 768w\" sizes=\"(max-width: 880px) 100vw, 880px\" \/><\/figure>\n\n<\/div>\n\n<div class=\"gb-container gb-container-1c53280a especies-iuris-txt\">\n\n<div class=\"gb-headline gb-headline-976f5982 gb-headline-text\">Programadores<\/div>\n\n<\/div>\n<\/div><\/div>\n\n<div class=\"gb-grid-column gb-grid-column-d66cfae6\"><div class=\"gb-container gb-container-d66cfae6\">\n<div class=\"gb-container gb-container-ad506e7d especies-iuris-img\">\n\n<figure class=\"gb-block-image gb-block-image-33115dbe\"><img width=\"880\" height=\"880\" class=\"gb-image gb-image-33115dbe\" src=\"https:\/\/iurisdoc.com\/wp-content\/uploads\/img-especies-camaleo.jpg\" alt=\"\" title=\"Comunicadores audiovisuales\" srcset=\"https:\/\/iurisdoc.com\/wp-content\/uploads\/img-especies-camaleo.jpg 880w, https:\/\/iurisdoc.com\/wp-content\/uploads\/img-especies-camaleo-800x800.jpg 800w, https:\/\/iurisdoc.com\/wp-content\/uploads\/img-especies-camaleo-300x300.jpg 300w, https:\/\/iurisdoc.com\/wp-content\/uploads\/img-especies-camaleo-768x768.jpg 768w\" sizes=\"(max-width: 880px) 100vw, 880px\" \/><\/figure>\n\n<\/div>\n\n<div class=\"gb-container gb-container-a3bd6595 especies-iuris-txt\">\n\n<div class=\"gb-headline gb-headline-4d1b1500 gb-headline-text\">Comunicadores<br>audiovisuales<\/div>\n\n<\/div>\n<\/div><\/div>\n\n<div class=\"gb-grid-column gb-grid-column-a25f91e2\"><div class=\"gb-container gb-container-a25f91e2\">\n<div class=\"gb-container gb-container-1bdfc722 especies-iuris-img\">\n\n<figure class=\"gb-block-image gb-block-image-917613ba\"><img width=\"880\" height=\"880\" class=\"gb-image gb-image-917613ba\" src=\"https:\/\/iurisdoc.com\/wp-content\/uploads\/img-especies-mico.jpg\" alt=\"\" title=\"Guionistas\" srcset=\"https:\/\/iurisdoc.com\/wp-content\/uploads\/img-especies-mico.jpg 880w, https:\/\/iurisdoc.com\/wp-content\/uploads\/img-especies-mico-800x800.jpg 800w, https:\/\/iurisdoc.com\/wp-content\/uploads\/img-especies-mico-300x300.jpg 300w, https:\/\/iurisdoc.com\/wp-content\/uploads\/img-especies-mico-768x768.jpg 768w\" sizes=\"(max-width: 880px) 100vw, 880px\" \/><\/figure>\n\n<\/div>\n\n<div class=\"gb-container gb-container-916c340c especies-iuris-txt\">\n\n<div class=\"gb-headline gb-headline-fd8733ca gb-headline-text\">Guionistas<\/div>\n\n<\/div>\n<\/div><\/div>\n\n<div class=\"gb-grid-column gb-grid-column-b069e0e0\"><div class=\"gb-container gb-container-b069e0e0\">\n<div class=\"gb-container gb-container-66d59a02 especies-iuris-img\">\n\n<figure class=\"gb-block-image gb-block-image-ee7f8990\"><img class=\"gb-image gb-image-ee7f8990\" src=\"https:\/\/iurisdoc.com\/wp-content\/uploads\/Logo-Iuris.svg\" alt=\"\" title=\"Iurisdoc\"\/><\/figure>\n\n<\/div>\n\n<div class=\"gb-container gb-container-24a85be7 especies-iuris-txt\">\n\n<div class=\"gb-headline gb-headline-68b827e4 gb-headline-text\">Naturalmente<br>&#8230;<\/div>\n\n<\/div>\n<\/div><\/div>\n<\/div>\n<\/div>\n<\/div>\n<\/section>\n\n<section class=\"gb-container gb-container-2e1e55e1 alignfull\">\n<div class=\"gb-container gb-container-a9a55e8b section-inner\">\n<div class=\"gb-container gb-container-b7722270 title-split\">\n\n<h2 class=\"gb-headline gb-headline-20d74f7e gb-headline-text\"><strong>socialmente<\/strong><br>responsables<\/h2>\n\n<\/div>\n\n<div class=\"gb-container gb-container-f1a1385b text-reveal\">\n\n<p class=\"gb-headline gb-headline-4ede130b gb-headline-text text-medium\">Nos gusta ayudar y colaboramos con diferentes entidades ofreciendo nuestra experiencia en comunicaci\u00f3n. Proyectos solidarios a los que hemos dedicado una peque\u00f1a parte de nuestro tiempo y vivido grandes experiencias. <\/p>\n\n<\/div>\n\n<div class=\"gb-container gb-container-ddf5cd43\">\n\n<div class=\"gb-headline gb-headline-e9dc8a82 gb-headline-text text-large\"><strong><a href=\"https:\/\/cram.org\/\" data-type=\"link\" data-id=\"https:\/\/cram.org\/\" target=\"_blank\" rel=\"noreferrer noopener\">Fundaci\u00f3n CRAM<\/a><\/strong><\/div>\n\n\n\n<div class=\"gb-headline gb-headline-0ed0d6c0 gb-headline-text text-large\"><strong><a href=\"https:\/\/xocolatadasolidaria.org\/\" target=\"_blank\" rel=\"noreferrer noopener\"><strong>Xocolatada solid\u00e0ria<\/strong><\/a><\/strong><\/div>\n\n\n\n<div class=\"gb-headline gb-headline-7ae5cfcc gb-headline-text text-large\"><strong><a href=\"https:\/\/www.youtube.com\/watch?v=yR1kqRAA3PI\" target=\"_blank\" rel=\"noreferrer noopener\">#ReciclaCultura<\/a><\/strong><\/div>\n\n\n\n<div class=\"gb-headline gb-headline-3268fbeb gb-headline-text text-large\"><strong><a href=\"https:\/\/www.bancdelsaliments.org\/ca\/\" target=\"_blank\" rel=\"noreferrer noopener\">Banco de los alimentos<\/a><\/strong><\/div>\n\n\n\n<div class=\"gb-headline gb-headline-69f8b790 gb-headline-text text-large\"><strong><a href=\"https:\/\/www.facebook.com\/el.trampoli\/\" target=\"_blank\" rel=\"noreferrer noopener\">El trampol\u00ed<\/a><\/strong><\/div>\n\n<\/div>\n<\/div>\n<\/section>","protected":false},"excerpt":{"rendered":"<p>Naturalmentedigitales creativos, curiosos, eficientes, rigurosos, flexibles, cercanos, rojos y\u2026 naturales. Descubre la diversidad de nuestro h\u00e1bitat. socialmenteresponsables Nos gusta ayudar y colaboramos con diferentes entidades ofreciendo nuestra experiencia en comunicaci\u00f3n. Proyectos solidarios a los que hemos dedicado una peque\u00f1a parte de nuestro tiempo y vivido grandes experiencias. Fundaci\u00f3n CRAM Xocolatada solid\u00e0ria #ReciclaCultura Banco de los &#8230; <a title=\"Nosotros\" class=\"read-more\" href=\"https:\/\/iurisdoc.com\/es\/nosotros\/\" aria-label=\"Leer m\u00e1s sobre Nosotros\">Leer m\u00e1s<\/a><\/p>\n","protected":false},"author":1,"featured_media":0,"parent":0,"menu_order":0,"comment_status":"closed","ping_status":"closed","template":"","meta":{"_acf_changed":false,"footnotes":""},"class_list":{"0":"post-12609","1":"page","2":"type-page","3":"status-publish","5":"infinite-scroll-item"},"acf":[],"yoast_head":"<!-- This site is optimized with the Yoast SEO plugin v27.3 - https:\/\/yoast.com\/product\/yoast-seo-wordpress\/ -->\n<title>Nosotros | Iuris.doc<\/title>\n<meta name=\"description\" content=\"Somos creativos, curiosos, eficientes, rigurosos, comprometidos, flexibles, cercanos, rojos y, sobre todo... naturalmente digitales\" \/>\n<meta name=\"robots\" content=\"index, follow, max-snippet:-1, max-image-preview:large, max-video-preview:-1\" \/>\n<link rel=\"canonical\" href=\"https:\/\/iurisdoc.com\/es\/nosotros\/\" \/>\n<meta property=\"og:locale\" content=\"es_ES\" \/>\n<meta property=\"og:type\" content=\"article\" \/>\n<meta property=\"og:title\" content=\"Nosotros | Iuris.doc\" \/>\n<meta property=\"og:description\" content=\"Somos creativos, curiosos, eficientes, rigurosos, comprometidos, flexibles, cercanos, rojos y, sobre todo... naturalmente digitales\" \/>\n<meta property=\"og:url\" content=\"https:\/\/iurisdoc.com\/es\/nosotros\/\" \/>\n<meta property=\"og:site_name\" content=\"Iuris.doc\" \/>\n<meta property=\"article:modified_time\" content=\"2025-01-23T16:04:01+00:00\" \/>\n<meta property=\"og:image\" content=\"https:\/\/iurisdoc.com\/wp-content\/uploads\/img-especies-tigre.jpg\" \/>\n<meta name=\"twitter:card\" content=\"summary_large_image\" \/>\n<meta name=\"twitter:site\" content=\"@iurisdoc\" \/>\n<meta name=\"twitter:label1\" content=\"Tiempo de lectura\" \/>\n\t<meta name=\"twitter:data1\" content=\"3 minutos\" \/>\n<script type=\"application\/ld+json\" class=\"yoast-schema-graph\">{\"@context\":\"https:\\\/\\\/schema.org\",\"@graph\":[{\"@type\":\"WebPage\",\"@id\":\"https:\\\/\\\/iurisdoc.com\\\/es\\\/nosotros\\\/\",\"url\":\"https:\\\/\\\/iurisdoc.com\\\/es\\\/nosotros\\\/\",\"name\":\"Nosotros | Iuris.doc\",\"isPartOf\":{\"@id\":\"https:\\\/\\\/iurisdoc.com\\\/#website\"},\"primaryImageOfPage\":{\"@id\":\"https:\\\/\\\/iurisdoc.com\\\/es\\\/nosotros\\\/#primaryimage\"},\"image\":{\"@id\":\"https:\\\/\\\/iurisdoc.com\\\/es\\\/nosotros\\\/#primaryimage\"},\"thumbnailUrl\":\"https:\\\/\\\/iurisdoc.com\\\/wp-content\\\/uploads\\\/img-especies-tigre.jpg\",\"datePublished\":\"2024-11-07T11:20:45+00:00\",\"dateModified\":\"2025-01-23T16:04:01+00:00\",\"description\":\"Somos creativos, curiosos, eficientes, rigurosos, comprometidos, flexibles, cercanos, rojos y, sobre todo... naturalmente digitales\",\"breadcrumb\":{\"@id\":\"https:\\\/\\\/iurisdoc.com\\\/es\\\/nosotros\\\/#breadcrumb\"},\"inLanguage\":\"es\",\"potentialAction\":[{\"@type\":\"ReadAction\",\"target\":[\"https:\\\/\\\/iurisdoc.com\\\/es\\\/nosotros\\\/\"]}]},{\"@type\":\"ImageObject\",\"inLanguage\":\"es\",\"@id\":\"https:\\\/\\\/iurisdoc.com\\\/es\\\/nosotros\\\/#primaryimage\",\"url\":\"https:\\\/\\\/iurisdoc.com\\\/wp-content\\\/uploads\\\/img-especies-tigre.jpg\",\"contentUrl\":\"https:\\\/\\\/iurisdoc.com\\\/wp-content\\\/uploads\\\/img-especies-tigre.jpg\"},{\"@type\":\"BreadcrumbList\",\"@id\":\"https:\\\/\\\/iurisdoc.com\\\/es\\\/nosotros\\\/#breadcrumb\",\"itemListElement\":[{\"@type\":\"ListItem\",\"position\":1,\"name\":\"Inici\",\"item\":\"https:\\\/\\\/iurisdoc.com\\\/es\\\/\"},{\"@type\":\"ListItem\",\"position\":2,\"name\":\"Nosotros\"}]},{\"@type\":\"WebSite\",\"@id\":\"https:\\\/\\\/iurisdoc.com\\\/#website\",\"url\":\"https:\\\/\\\/iurisdoc.com\\\/\",\"name\":\"Iuris.doc\",\"description\":\"Naturalment digitals\",\"publisher\":{\"@id\":\"https:\\\/\\\/iurisdoc.com\\\/#organization\"},\"alternateName\":\"Iurisdoc\",\"potentialAction\":[{\"@type\":\"SearchAction\",\"target\":{\"@type\":\"EntryPoint\",\"urlTemplate\":\"https:\\\/\\\/iurisdoc.com\\\/?s={search_term_string}\"},\"query-input\":{\"@type\":\"PropertyValueSpecification\",\"valueRequired\":true,\"valueName\":\"search_term_string\"}}],\"inLanguage\":\"es\"},{\"@type\":\"Organization\",\"@id\":\"https:\\\/\\\/iurisdoc.com\\\/#organization\",\"name\":\"Iuris.doc\",\"alternateName\":\"Iurisdoc\",\"url\":\"https:\\\/\\\/iurisdoc.com\\\/\",\"logo\":{\"@type\":\"ImageObject\",\"inLanguage\":\"es\",\"@id\":\"https:\\\/\\\/iurisdoc.com\\\/#\\\/schema\\\/logo\\\/image\\\/\",\"url\":\"https:\\\/\\\/iurisdoc.com\\\/wp-content\\\/uploads\\\/Logo-Iuris.svg\",\"contentUrl\":\"https:\\\/\\\/iurisdoc.com\\\/wp-content\\\/uploads\\\/Logo-Iuris.svg\",\"caption\":\"Iuris.doc\"},\"image\":{\"@id\":\"https:\\\/\\\/iurisdoc.com\\\/#\\\/schema\\\/logo\\\/image\\\/\"},\"sameAs\":[\"https:\\\/\\\/x.com\\\/iurisdoc\",\"https:\\\/\\\/www.instagram.com\\\/iurisdoc\",\"https:\\\/\\\/www.linkedin.com\\\/company\\\/iuris-doc-contenidos-digitales-\\\/\"]}]}<\/script>\n<!-- \/ Yoast SEO plugin. -->","yoast_head_json":{"title":"Nosotros | Iuris.doc","description":"Somos creativos, curiosos, eficientes, rigurosos, comprometidos, flexibles, cercanos, rojos y, sobre todo... naturalmente digitales","robots":{"index":"index","follow":"follow","max-snippet":"max-snippet:-1","max-image-preview":"max-image-preview:large","max-video-preview":"max-video-preview:-1"},"canonical":"https:\/\/iurisdoc.com\/es\/nosotros\/","og_locale":"es_ES","og_type":"article","og_title":"Nosotros | Iuris.doc","og_description":"Somos creativos, curiosos, eficientes, rigurosos, comprometidos, flexibles, cercanos, rojos y, sobre todo... naturalmente digitales","og_url":"https:\/\/iurisdoc.com\/es\/nosotros\/","og_site_name":"Iuris.doc","article_modified_time":"2025-01-23T16:04:01+00:00","og_image":[{"url":"https:\/\/iurisdoc.com\/wp-content\/uploads\/img-especies-tigre.jpg","type":"","width":"","height":""}],"twitter_card":"summary_large_image","twitter_site":"@iurisdoc","twitter_misc":{"Tiempo de lectura":"3 minutos"},"schema":{"@context":"https:\/\/schema.org","@graph":[{"@type":"WebPage","@id":"https:\/\/iurisdoc.com\/es\/nosotros\/","url":"https:\/\/iurisdoc.com\/es\/nosotros\/","name":"Nosotros | Iuris.doc","isPartOf":{"@id":"https:\/\/iurisdoc.com\/#website"},"primaryImageOfPage":{"@id":"https:\/\/iurisdoc.com\/es\/nosotros\/#primaryimage"},"image":{"@id":"https:\/\/iurisdoc.com\/es\/nosotros\/#primaryimage"},"thumbnailUrl":"https:\/\/iurisdoc.com\/wp-content\/uploads\/img-especies-tigre.jpg","datePublished":"2024-11-07T11:20:45+00:00","dateModified":"2025-01-23T16:04:01+00:00","description":"Somos creativos, curiosos, eficientes, rigurosos, comprometidos, flexibles, cercanos, rojos y, sobre todo... naturalmente digitales","breadcrumb":{"@id":"https:\/\/iurisdoc.com\/es\/nosotros\/#breadcrumb"},"inLanguage":"es","potentialAction":[{"@type":"ReadAction","target":["https:\/\/iurisdoc.com\/es\/nosotros\/"]}]},{"@type":"ImageObject","inLanguage":"es","@id":"https:\/\/iurisdoc.com\/es\/nosotros\/#primaryimage","url":"https:\/\/iurisdoc.com\/wp-content\/uploads\/img-especies-tigre.jpg","contentUrl":"https:\/\/iurisdoc.com\/wp-content\/uploads\/img-especies-tigre.jpg"},{"@type":"BreadcrumbList","@id":"https:\/\/iurisdoc.com\/es\/nosotros\/#breadcrumb","itemListElement":[{"@type":"ListItem","position":1,"name":"Inici","item":"https:\/\/iurisdoc.com\/es\/"},{"@type":"ListItem","position":2,"name":"Nosotros"}]},{"@type":"WebSite","@id":"https:\/\/iurisdoc.com\/#website","url":"https:\/\/iurisdoc.com\/","name":"Iuris.doc","description":"Naturalment digitals","publisher":{"@id":"https:\/\/iurisdoc.com\/#organization"},"alternateName":"Iurisdoc","potentialAction":[{"@type":"SearchAction","target":{"@type":"EntryPoint","urlTemplate":"https:\/\/iurisdoc.com\/?s={search_term_string}"},"query-input":{"@type":"PropertyValueSpecification","valueRequired":true,"valueName":"search_term_string"}}],"inLanguage":"es"},{"@type":"Organization","@id":"https:\/\/iurisdoc.com\/#organization","name":"Iuris.doc","alternateName":"Iurisdoc","url":"https:\/\/iurisdoc.com\/","logo":{"@type":"ImageObject","inLanguage":"es","@id":"https:\/\/iurisdoc.com\/#\/schema\/logo\/image\/","url":"https:\/\/iurisdoc.com\/wp-content\/uploads\/Logo-Iuris.svg","contentUrl":"https:\/\/iurisdoc.com\/wp-content\/uploads\/Logo-Iuris.svg","caption":"Iuris.doc"},"image":{"@id":"https:\/\/iurisdoc.com\/#\/schema\/logo\/image\/"},"sameAs":["https:\/\/x.com\/iurisdoc","https:\/\/www.instagram.com\/iurisdoc","https:\/\/www.linkedin.com\/company\/iuris-doc-contenidos-digitales-\/"]}]}},"_links":{"self":[{"href":"https:\/\/iurisdoc.com\/es\/wp-json\/wp\/v2\/pages\/12609","targetHints":{"allow":["GET"]}}],"collection":[{"href":"https:\/\/iurisdoc.com\/es\/wp-json\/wp\/v2\/pages"}],"about":[{"href":"https:\/\/iurisdoc.com\/es\/wp-json\/wp\/v2\/types\/page"}],"author":[{"embeddable":true,"href":"https:\/\/iurisdoc.com\/es\/wp-json\/wp\/v2\/users\/1"}],"replies":[{"embeddable":true,"href":"https:\/\/iurisdoc.com\/es\/wp-json\/wp\/v2\/comments?post=12609"}],"version-history":[{"count":5,"href":"https:\/\/iurisdoc.com\/es\/wp-json\/wp\/v2\/pages\/12609\/revisions"}],"predecessor-version":[{"id":12838,"href":"https:\/\/iurisdoc.com\/es\/wp-json\/wp\/v2\/pages\/12609\/revisions\/12838"}],"wp:attachment":[{"href":"https:\/\/iurisdoc.com\/es\/wp-json\/wp\/v2\/media?parent=12609"}],"curies":[{"name":"wp","href":"https:\/\/api.w.org\/{rel}","templated":true}]}}