{"id":11914,"date":"2024-09-22T18:49:58","date_gmt":"2024-09-22T18:49:58","guid":{"rendered":"https:\/\/iurisdoc.com\/servicios\/"},"modified":"2026-02-11T09:02:02","modified_gmt":"2026-02-11T09:02:02","slug":"servicios","status":"publish","type":"page","link":"https:\/\/iurisdoc.com\/es\/servicios\/","title":{"rendered":"Servicios"},"content":{"rendered":"<section class=\"gb-container gb-container-f1349fa7 anchor-wrapper alignfull\" id=\"estrategia-comunicacio\">\n<div class=\"gb-container gb-container-b782ba37 section-inner\">\n<div class=\"gb-container gb-container-481f2cd6 title-split\">\n\n<h2 class=\"gb-headline gb-headline-341db490 gb-headline-text\"><strong>Estrategia<\/strong><br>de comunicaci\u00f3n<\/h2>\n\n<\/div>\n\n<div class=\"gb-container gb-container-d13409d0 text-reveal\">\n\n<p class=\"gb-headline gb-headline-50cc7e03 gb-headline-text text-large\">plan de comunicaci\u00f3n.<br>relato corporativo.<br>auditor\u00eda.<br>comunicaci\u00f3n clara.<br>estrategia de contenidos.<br>manuales de estilo y formaci\u00f3n.<\/p>\n\n<\/div>\n\n<div class=\"gb-container gb-container-8992bd68\">\n\n<a class=\"gb-button gb-button-cb5ad80a gb-button-text btnMore\" href=\"\/projectes\/serveis\/estrategia-de-comunicacio\" data-aos=\"fade\">Mira lo que hacemos<\/a>\n\n<\/div>\n\n<div class=\"gb-container gb-container-3dfaeffd seeprojects\"><a class=\"gb-container-link\" href=\"https:\/\/iurisdoc.com\/es\/tipos-servicios\/estrategia-de-comunicacion\/\"><\/a>\n<div class=\"gb-container gb-container-000c01d6 parallax parallax\" data-parallax-speed=\"-2\">\n\n<figure class=\"wp-block-image size-full\"><img width=\"1014\" height=\"649\" src=\"https:\/\/iurisdoc.com\/wp-content\/uploads\/estrategia10.jpg\" alt=\"\" class=\"wp-image-11727\" srcset=\"https:\/\/iurisdoc.com\/wp-content\/uploads\/estrategia10.jpg 1014w, https:\/\/iurisdoc.com\/wp-content\/uploads\/estrategia10-800x512.jpg 800w, https:\/\/iurisdoc.com\/wp-content\/uploads\/estrategia10-768x492.jpg 768w\" sizes=\"(max-width: 1014px) 100vw, 1014px\" \/><\/figure>\n\n<\/div>\n\n<div class=\"gb-container gb-container-26f8f41d parallax parallax\" data-parallax-speed=\"3\">\n\n<figure class=\"gb-block-image gb-block-image-48e4d42a\"><img width=\"1141\" height=\"690\" class=\"gb-image gb-image-48e4d42a\" src=\"https:\/\/iurisdoc.com\/wp-content\/uploads\/estrategia_e6.jpg\" alt=\"\" title=\"estrategia_e6\" srcset=\"https:\/\/iurisdoc.com\/wp-content\/uploads\/estrategia_e6.jpg 1141w, https:\/\/iurisdoc.com\/wp-content\/uploads\/estrategia_e6-800x484.jpg 800w, https:\/\/iurisdoc.com\/wp-content\/uploads\/estrategia_e6-768x464.jpg 768w\" sizes=\"(max-width: 1141px) 100vw, 1141px\" \/>\n<figcaption class=\"gb-headline gb-headline-94b68630 gb-headline-text\"><\/figcaption>\n<\/figure>\n\n<\/div>\n<\/div>\n<\/div>\n<\/section>\n\n<section class=\"gb-container gb-container-ca2fc0bf anchor-wrapper alignfull\" id=\"continguts-digitals\">\n<div class=\"gb-container gb-container-899447f0 section-inner\">\n<div class=\"gb-container gb-container-673674c6 title-split\">\n\n<h2 class=\"gb-headline gb-headline-7b68414b gb-headline-text\"><strong>Contenidos<\/strong><br> digitales<\/h2>\n\n<\/div>\n\n<div class=\"gb-container gb-container-a8debbe7 text-reveal\">\n\n<p class=\"gb-headline gb-headline-af27b0cc gb-headline-text text-large\">creaci\u00f3n.<br>\u00abstorytelling\u00bb.<br>lenguaje claro.<br>edici\u00f3n, tratamiento, publicaci\u00f3n.<br>web, redes sociales, newsletters.<br>SEO, accesibilidad.<\/p>\n\n<\/div>\n\n<div class=\"gb-container gb-container-35a6148d\">\n\n<a class=\"gb-button gb-button-e4a3cc8c gb-button-text btnMore\" href=\"\/projectes\/serveis\/continguts\" data-aos=\"fade\">Mira lo que hacemos<\/a>\n\n<\/div>\n\n<div class=\"gb-container gb-container-6046d0dd seeprojects\"><a class=\"gb-container-link\" href=\"https:\/\/iurisdoc.com\/es\/tipos-servicios\/contenidos\/\"><\/a>\n<div class=\"gb-container gb-container-bb139b7e parallax parallax\" data-parallax-speed=\"-1\">\n\n<figure class=\"gb-block-image gb-block-image-7b4e8e29\"><img width=\"740\" height=\"1273\" class=\"gb-image gb-image-7b4e8e29\" src=\"https:\/\/iurisdoc.com\/wp-content\/uploads\/SEO2.jpg\" alt=\"\" title=\"SEO2\" srcset=\"https:\/\/iurisdoc.com\/wp-content\/uploads\/SEO2.jpg 740w, https:\/\/iurisdoc.com\/wp-content\/uploads\/SEO2-465x800.jpg 465w\" sizes=\"(max-width: 740px) 100vw, 740px\" \/><\/figure>\n\n<\/div>\n\n<div class=\"gb-container gb-container-0a4f1068 parallax parallax\" data-parallax-speed=\"3\">\n\n<figure class=\"gb-block-image gb-block-image-ccca38eb\"><img width=\"1380\" height=\"736\" class=\"gb-image gb-image-ccca38eb\" src=\"https:\/\/iurisdoc.com\/wp-content\/uploads\/continguts_1-2.jpg\" alt=\"\" title=\"contenidos_1\" srcset=\"https:\/\/iurisdoc.com\/wp-content\/uploads\/continguts_1-2.jpg 1380w, https:\/\/iurisdoc.com\/wp-content\/uploads\/continguts_1-2-800x427.jpg 800w, https:\/\/iurisdoc.com\/wp-content\/uploads\/continguts_1-2-768x410.jpg 768w\" sizes=\"(max-width: 1380px) 100vw, 1380px\" \/><\/figure>\n\n<\/div>\n\n<div class=\"gb-container gb-container-abf6cf03 parallax parallax\" data-parallax-speed=\"-3\">\n\n<figure class=\"gb-block-image gb-block-image-4150b98c\"><img width=\"1755\" height=\"1755\" class=\"gb-image gb-image-4150b98c\" src=\"https:\/\/iurisdoc.com\/wp-content\/uploads\/Black-and-Brown-Minimalist-Tablet-Mockup-Instagram-Post.png\" alt=\"\" title=\"Black and Brown Minimalist Tablet Mockup Instagram Post\" srcset=\"https:\/\/iurisdoc.com\/wp-content\/uploads\/Black-and-Brown-Minimalist-Tablet-Mockup-Instagram-Post.png 1755w, https:\/\/iurisdoc.com\/wp-content\/uploads\/Black-and-Brown-Minimalist-Tablet-Mockup-Instagram-Post-800x800.png 800w, https:\/\/iurisdoc.com\/wp-content\/uploads\/Black-and-Brown-Minimalist-Tablet-Mockup-Instagram-Post-300x300.png 300w, https:\/\/iurisdoc.com\/wp-content\/uploads\/Black-and-Brown-Minimalist-Tablet-Mockup-Instagram-Post-768x768.png 768w, https:\/\/iurisdoc.com\/wp-content\/uploads\/Black-and-Brown-Minimalist-Tablet-Mockup-Instagram-Post-1536x1536.png 1536w\" sizes=\"(max-width: 1755px) 100vw, 1755px\" \/><\/figure>\n\n<\/div>\n<\/div>\n<\/div>\n<\/section>\n\n<section class=\"gb-container gb-container-0968fd9f anchor-wrapper alignfull\" id=\"continguts-digitals-ia\">\n<div class=\"gb-container gb-container-960469c9 section-inner\">\n<div class=\"gb-container gb-container-28ed4db9 title-split\">\n\n<h2 class=\"gb-headline gb-headline-eb93a9c1 gb-headline-text\"><strong>Contenidos<\/strong> para asistentes de ia<\/h2>\n\n<\/div>\n\n<div class=\"gb-container gb-container-2d6987be text-reveal\">\n\n<p class=\"gb-headline gb-headline-d1d27f0a gb-headline-text text-large\">arquitectura de conocimiento y metadatos.<br>dise\u00f1o de contenidos conversacionales.<br>creaci\u00f3n y mantenimiento de respuestas.<br>calidad, testing y rigor editorial.<br>comunicaci\u00f3n clara para IA.<\/p>\n\n<\/div>\n\n<div class=\"gb-container gb-container-1a9cb9dc\">\n\n<a class=\"gb-button gb-button-4b0e4608 gb-button-text btnMore\" href=\"\/projectes\/serveis\/continguts\" data-aos=\"fade\">Mira lo que hacemos<\/a>\n\n<\/div>\n\n<div class=\"gb-container gb-container-e800cedd seeprojects\"><a class=\"gb-container-link\" href=\"https:\/\/iurisdoc.com\/es\/tipos-servicios\/contenidos\/\"><\/a>\n<div class=\"gb-container gb-container-934d8c3c parallax parallax\" data-parallax-speed=\"3\">\n\n<figure class=\"gb-block-image gb-block-image-87481092\"><img width=\"2000\" height=\"1125\" class=\"gb-image gb-image-87481092\" src=\"https:\/\/iurisdoc.com\/wp-content\/uploads\/growtika-nGoCBxiaRO0-unsplash-2000x1125.jpg\" alt=\"\" title=\"growtika-nGoCBxiaRO0-unsplash\" srcset=\"https:\/\/iurisdoc.com\/wp-content\/uploads\/growtika-nGoCBxiaRO0-unsplash-2000x1125.jpg 2000w, https:\/\/iurisdoc.com\/wp-content\/uploads\/growtika-nGoCBxiaRO0-unsplash-800x450.jpg 800w, https:\/\/iurisdoc.com\/wp-content\/uploads\/growtika-nGoCBxiaRO0-unsplash-768x432.jpg 768w, https:\/\/iurisdoc.com\/wp-content\/uploads\/growtika-nGoCBxiaRO0-unsplash-1536x864.jpg 1536w, https:\/\/iurisdoc.com\/wp-content\/uploads\/growtika-nGoCBxiaRO0-unsplash-2048x1152.jpg 2048w\" sizes=\"(max-width: 2000px) 100vw, 2000px\" \/><\/figure>\n\n<\/div>\n\n<div class=\"gb-container gb-container-48d76cf0 parallax parallax\" data-parallax-speed=\"-3\">\n\n<figure class=\"gb-block-image gb-block-image-e5c2e37d\"><img width=\"300\" height=\"300\" class=\"gb-image gb-image-e5c2e37d\" src=\"https:\/\/iurisdoc.com\/wp-content\/uploads\/Disseny-sense-titol-10.png\" alt=\"\" title=\"Disseny sense t\u00edtol (10)\"\/><\/figure>\n\n<\/div>\n<\/div>\n<\/div>\n<\/section>\n\n<section class=\"gb-container gb-container-62add91b anchor-wrapper alignfull\" id=\"audiovisual\">\n<div class=\"gb-container gb-container-cc2a5063 section-inner\">\n<div class=\"gb-container gb-container-03499a44 title-split\">\n\n<h2 class=\"gb-headline gb-headline-91626bc4 gb-headline-text\"><strong>Audiovisual<\/strong><\/h2>\n\n<\/div>\n\n<div class=\"gb-container gb-container-42fffb05 text-reveal\">\n\n<p class=\"gb-headline gb-headline-5320fa99 gb-headline-text text-large\">Producci\u00f3n.<br>Edici\u00f3n.<br>Podcast.<br>Cobertura de eventos.<br>Animaci\u00f3n.<\/p>\n\n<\/div>\n\n<div class=\"gb-container gb-container-6db9e787\">\n\n<a class=\"gb-button gb-button-68cd9e06 gb-button-text btnMore\" href=\"\/projectes\/serveis\/audiovisual\" data-aos=\"fade\">Mira lo que hacemos<\/a>\n\n<\/div>\n\n<div class=\"gb-container gb-container-1e9bbd29 seeprojects\"><a class=\"gb-container-link\" href=\"https:\/\/iurisdoc.com\/es\/tipos-servicios\/audiovisual-es\/\"><\/a>\n<div class=\"gb-container gb-container-7d7de074 parallax parallax\" data-parallax-speed=\"3\">\n\n<figure class=\"gb-block-image gb-block-image-3eaa9794\"><img width=\"2000\" height=\"1500\" class=\"gb-image gb-image-3eaa9794\" src=\"https:\/\/iurisdoc.com\/wp-content\/uploads\/img-serveis06.jpg\" alt=\"\" title=\"img-serveis06\" srcset=\"https:\/\/iurisdoc.com\/wp-content\/uploads\/img-serveis06.jpg 2000w, https:\/\/iurisdoc.com\/wp-content\/uploads\/img-serveis06-800x600.jpg 800w, https:\/\/iurisdoc.com\/wp-content\/uploads\/img-serveis06-768x576.jpg 768w, https:\/\/iurisdoc.com\/wp-content\/uploads\/img-serveis06-1536x1152.jpg 1536w\" sizes=\"(max-width: 2000px) 100vw, 2000px\" \/><\/figure>\n\n<\/div>\n\n<div class=\"gb-container gb-container-38c4e1a1 parallax parallax\" data-parallax-speed=\"-1\">\n\n<figure class=\"gb-block-image gb-block-image-dd75bca2\"><img width=\"1620\" height=\"960\" class=\"gb-image gb-image-dd75bca2\" src=\"https:\/\/iurisdoc.com\/wp-content\/uploads\/dona_tic.jpg\" alt=\"\" title=\"mujer_tic\" srcset=\"https:\/\/iurisdoc.com\/wp-content\/uploads\/dona_tic.jpg 1620w, https:\/\/iurisdoc.com\/wp-content\/uploads\/dona_tic-800x474.jpg 800w, https:\/\/iurisdoc.com\/wp-content\/uploads\/dona_tic-768x455.jpg 768w, https:\/\/iurisdoc.com\/wp-content\/uploads\/dona_tic-1536x910.jpg 1536w\" sizes=\"(max-width: 1620px) 100vw, 1620px\" \/><\/figure>\n\n<\/div>\n<\/div>\n<\/div>\n<\/section>\n\n<section class=\"gb-container gb-container-21ab2ec3 anchor-wrapper alignfull\" id=\"disseny\">\n<div class=\"gb-container gb-container-d7410e44 section-inner\">\n<div class=\"gb-container gb-container-a363b455 title-split\">\n\n<h2 class=\"gb-headline gb-headline-0f79be63 gb-headline-text\"><strong>Dise\u00f1o<\/strong><\/h2>\n\n<\/div>\n\n<div class=\"gb-container gb-container-aa6186b0 text-reveal\">\n\n<p class=\"gb-headline gb-headline-e4ee4fee gb-headline-text text-large\">Identidad visual.<br>Dise\u00f1o gr\u00e1fico.<br>Ilustraci\u00f3n.<br>UX\/UI.<br>Prototipado.<\/p>\n\n<\/div>\n\n<div class=\"gb-container gb-container-9eb1360a\">\n\n<a class=\"gb-button gb-button-9f330af1 gb-button-text btnMore\" href=\"\/projectes\/serveis\/disseny\" data-aos=\"fade\">Mira lo que hacemos<\/a>\n\n<\/div>\n\n<div class=\"gb-container gb-container-92ad26e8 seeprojects\"><a class=\"gb-container-link\" href=\"https:\/\/iurisdoc.com\/es\/tipos-servicios\/diseno\/\"><\/a>\n<div class=\"gb-container gb-container-5d881d12 parallax parallax\" data-parallax-speed=\"3\">\n\n<figure class=\"gb-block-image gb-block-image-a0903359\"><img width=\"1263\" height=\"328\" class=\"gb-image gb-image-a0903359\" src=\"https:\/\/iurisdoc.com\/wp-content\/uploads\/grafiti-1.jpg\" alt=\"\" title=\"grafiti\" srcset=\"https:\/\/iurisdoc.com\/wp-content\/uploads\/grafiti-1.jpg 1263w, https:\/\/iurisdoc.com\/wp-content\/uploads\/grafiti-1-800x208.jpg 800w, https:\/\/iurisdoc.com\/wp-content\/uploads\/grafiti-1-768x199.jpg 768w\" sizes=\"(max-width: 1263px) 100vw, 1263px\" \/><\/figure>\n\n<\/div>\n\n<div class=\"gb-container gb-container-f341e44d parallax parallax\" data-parallax-speed=\"-2\">\n\n<figure class=\"gb-block-image gb-block-image-61b7fe6c\"><img width=\"1919\" height=\"1920\" class=\"gb-image gb-image-61b7fe6c\" src=\"https:\/\/iurisdoc.com\/wp-content\/uploads\/disseny_9.jpg\" alt=\"\" title=\"Top View Magazine Mockup by Anthony Boyd Graphics\" srcset=\"https:\/\/iurisdoc.com\/wp-content\/uploads\/disseny_9.jpg 1919w, https:\/\/iurisdoc.com\/wp-content\/uploads\/disseny_9-800x800.jpg 800w, https:\/\/iurisdoc.com\/wp-content\/uploads\/disseny_9-300x300.jpg 300w, https:\/\/iurisdoc.com\/wp-content\/uploads\/disseny_9-768x768.jpg 768w, https:\/\/iurisdoc.com\/wp-content\/uploads\/disseny_9-1536x1536.jpg 1536w\" sizes=\"(max-width: 1919px) 100vw, 1919px\" \/><\/figure>\n\n<\/div>\n<\/div>\n<\/div>\n<\/section>\n\n<section class=\"gb-container gb-container-7bfbf105 anchor-wrapper alignfull\" id=\"tecnologia\">\n<div class=\"gb-container gb-container-ee44b1ff section-inner\">\n<div class=\"gb-container gb-container-cf9a10d1 title-split\">\n\n<h2 class=\"gb-headline gb-headline-98cc56b8 gb-headline-text\"><strong>Tecnolog\u00eda<\/strong><\/h2>\n\n<\/div>\n\n<div class=\"gb-container gb-container-7da9d84b text-reveal\">\n\n<p class=\"gb-headline gb-headline-3fb6ab7e gb-headline-text text-large\">Desarrollo web.<br>Plataformas digitales.<br>CMS opensource.<br>Liferay, Drupal, WordPress.<\/p>\n\n<\/div>\n\n<div class=\"gb-container gb-container-512dfb9f\">\n\n<a class=\"gb-button gb-button-2387fb95 gb-button-text btnMore\" href=\"\/projectes\/serveis\/tecnologia\" data-aos=\"fade\">Mira lo que hacemos<\/a>\n\n<\/div>\n\n<div class=\"gb-container gb-container-9f54c7e8 seeprojects\"><a class=\"gb-container-link\" href=\"https:\/\/iurisdoc.com\/es\/tipos-servicios\/tecnologia-es\/\"><\/a>\n<div class=\"gb-container gb-container-1e7048f2 parallax parallax\" data-parallax-speed=\"-3\">\n\n<figure class=\"gb-block-image gb-block-image-143c5c88\"><img width=\"1360\" height=\"1702\" class=\"gb-image gb-image-143c5c88\" src=\"https:\/\/iurisdoc.com\/wp-content\/uploads\/web5.jpg\" alt=\"\" title=\"Brown and Gray Minimalist Tablet Mockup Instagram Post - 1\" srcset=\"https:\/\/iurisdoc.com\/wp-content\/uploads\/web5.jpg 1360w, https:\/\/iurisdoc.com\/wp-content\/uploads\/web5-639x800.jpg 639w, https:\/\/iurisdoc.com\/wp-content\/uploads\/web5-768x961.jpg 768w, https:\/\/iurisdoc.com\/wp-content\/uploads\/web5-1227x1536.jpg 1227w\" sizes=\"(max-width: 1360px) 100vw, 1360px\" \/><\/figure>\n\n<\/div>\n\n<div class=\"gb-container gb-container-bca361c0 parallax parallax\" data-parallax-speed=\"3\">\n\n<figure class=\"gb-block-image gb-block-image-c5238494\"><img class=\"gb-image gb-image-c5238494\" src=\"https:\/\/iurisdoc.com\/wp-content\/uploads\/web2-3.png\" alt=\"\" title=\"web2\"\/><\/figure>\n\n<\/div>\n\n<div class=\"gb-container gb-container-33abf0b8 parallax parallax\" data-parallax-speed=\"-1\">\n\n<figure class=\"gb-block-image gb-block-image-28eaf78b\"><img width=\"1920\" height=\"1919\" class=\"gb-image gb-image-28eaf78b\" src=\"https:\/\/iurisdoc.com\/wp-content\/uploads\/web_9.jpg\" alt=\"\" title=\"web_9\" srcset=\"https:\/\/iurisdoc.com\/wp-content\/uploads\/web_9.jpg 1920w, https:\/\/iurisdoc.com\/wp-content\/uploads\/web_9-800x800.jpg 800w, https:\/\/iurisdoc.com\/wp-content\/uploads\/web_9-300x300.jpg 300w, https:\/\/iurisdoc.com\/wp-content\/uploads\/web_9-768x768.jpg 768w, https:\/\/iurisdoc.com\/wp-content\/uploads\/web_9-1536x1536.jpg 1536w\" sizes=\"(max-width: 1920px) 100vw, 1920px\" \/><\/figure>\n\n<\/div>\n<\/div>\n<\/div>\n<\/section>","protected":false},"excerpt":{"rendered":"<p>Estrategiade comunicaci\u00f3n plan de comunicaci\u00f3n.relato corporativo.auditor\u00eda.comunicaci\u00f3n clara.estrategia de contenidos.manuales de estilo y formaci\u00f3n. Contenidos digitales creaci\u00f3n.\u00abstorytelling\u00bb.lenguaje claro.edici\u00f3n, tratamiento, publicaci\u00f3n.web, redes sociales, newsletters.SEO, accesibilidad. Contenidos para asistentes de ia arquitectura de conocimiento y metadatos.dise\u00f1o de contenidos conversacionales.creaci\u00f3n y mantenimiento de respuestas.calidad, testing y rigor editorial.comunicaci\u00f3n clara para IA. Audiovisual Producci\u00f3n.Edici\u00f3n.Podcast.Cobertura de eventos.Animaci\u00f3n. Dise\u00f1o Identidad visual.Dise\u00f1o gr\u00e1fico.Ilustraci\u00f3n.UX\/UI.Prototipado. &#8230; <a title=\"Servicios\" class=\"read-more\" href=\"https:\/\/iurisdoc.com\/es\/servicios\/\" aria-label=\"Leer m\u00e1s sobre Servicios\">Leer m\u00e1s<\/a><\/p>\n","protected":false},"author":1,"featured_media":0,"parent":0,"menu_order":0,"comment_status":"closed","ping_status":"closed","template":"","meta":{"_acf_changed":false,"footnotes":""},"class_list":{"0":"post-11914","1":"page","2":"type-page","3":"status-publish","5":"infinite-scroll-item"},"acf":[],"yoast_head":"<!-- This site is optimized with the Yoast SEO plugin v27.3 - https:\/\/yoast.com\/product\/yoast-seo-wordpress\/ -->\n<title>Nuestros Servicios | Iuris.doc<\/title>\n<meta name=\"description\" content=\"Estrategias de comunicaci\u00f3n, contenidos, audiovisuales, dise\u00f1o y tecnolog\u00eda. Tenemos una buena historia. \u00bfNos permites contar la tuya?\" \/>\n<meta name=\"robots\" content=\"index, follow, max-snippet:-1, max-image-preview:large, max-video-preview:-1\" \/>\n<link rel=\"canonical\" href=\"https:\/\/iurisdoc.com\/es\/servicios\/\" \/>\n<meta property=\"og:locale\" content=\"es_ES\" \/>\n<meta property=\"og:type\" content=\"article\" \/>\n<meta property=\"og:title\" content=\"Nuestros Servicios | Iuris.doc\" \/>\n<meta property=\"og:description\" content=\"Estrategias de comunicaci\u00f3n, contenidos, audiovisuales, dise\u00f1o y tecnolog\u00eda. Tenemos una buena historia. \u00bfNos permites contar la tuya?\" \/>\n<meta property=\"og:url\" content=\"https:\/\/iurisdoc.com\/es\/servicios\/\" \/>\n<meta property=\"og:site_name\" content=\"Iuris.doc\" \/>\n<meta property=\"article:modified_time\" content=\"2026-02-11T09:02:02+00:00\" \/>\n<meta property=\"og:image\" content=\"https:\/\/iurisdoc.com\/wp-content\/uploads\/estrategia10.jpg\" \/>\n\t<meta property=\"og:image:width\" content=\"1014\" \/>\n\t<meta property=\"og:image:height\" content=\"649\" \/>\n\t<meta property=\"og:image:type\" content=\"image\/jpeg\" \/>\n<meta name=\"twitter:card\" content=\"summary_large_image\" \/>\n<meta name=\"twitter:site\" content=\"@iurisdoc\" \/>\n<meta name=\"twitter:label1\" content=\"Tiempo de lectura\" \/>\n\t<meta name=\"twitter:data1\" content=\"4 minutos\" \/>\n<script type=\"application\/ld+json\" class=\"yoast-schema-graph\">{\"@context\":\"https:\\\/\\\/schema.org\",\"@graph\":[{\"@type\":\"WebPage\",\"@id\":\"https:\\\/\\\/iurisdoc.com\\\/es\\\/servicios\\\/\",\"url\":\"https:\\\/\\\/iurisdoc.com\\\/es\\\/servicios\\\/\",\"name\":\"Nuestros Servicios | Iuris.doc\",\"isPartOf\":{\"@id\":\"https:\\\/\\\/iurisdoc.com\\\/#website\"},\"primaryImageOfPage\":{\"@id\":\"https:\\\/\\\/iurisdoc.com\\\/es\\\/servicios\\\/#primaryimage\"},\"image\":{\"@id\":\"https:\\\/\\\/iurisdoc.com\\\/es\\\/servicios\\\/#primaryimage\"},\"thumbnailUrl\":\"https:\\\/\\\/iurisdoc.com\\\/wp-content\\\/uploads\\\/estrategia10.jpg\",\"datePublished\":\"2024-09-22T18:49:58+00:00\",\"dateModified\":\"2026-02-11T09:02:02+00:00\",\"description\":\"Estrategias de comunicaci\u00f3n, contenidos, audiovisuales, dise\u00f1o y tecnolog\u00eda. Tenemos una buena historia. \u00bfNos permites contar la tuya?\",\"breadcrumb\":{\"@id\":\"https:\\\/\\\/iurisdoc.com\\\/es\\\/servicios\\\/#breadcrumb\"},\"inLanguage\":\"es\",\"potentialAction\":[{\"@type\":\"ReadAction\",\"target\":[\"https:\\\/\\\/iurisdoc.com\\\/es\\\/servicios\\\/\"]}]},{\"@type\":\"ImageObject\",\"inLanguage\":\"es\",\"@id\":\"https:\\\/\\\/iurisdoc.com\\\/es\\\/servicios\\\/#primaryimage\",\"url\":\"https:\\\/\\\/iurisdoc.com\\\/wp-content\\\/uploads\\\/estrategia10.jpg\",\"contentUrl\":\"https:\\\/\\\/iurisdoc.com\\\/wp-content\\\/uploads\\\/estrategia10.jpg\"},{\"@type\":\"BreadcrumbList\",\"@id\":\"https:\\\/\\\/iurisdoc.com\\\/es\\\/servicios\\\/#breadcrumb\",\"itemListElement\":[{\"@type\":\"ListItem\",\"position\":1,\"name\":\"Inici\",\"item\":\"https:\\\/\\\/iurisdoc.com\\\/es\\\/\"},{\"@type\":\"ListItem\",\"position\":2,\"name\":\"Servicios\"}]},{\"@type\":\"WebSite\",\"@id\":\"https:\\\/\\\/iurisdoc.com\\\/#website\",\"url\":\"https:\\\/\\\/iurisdoc.com\\\/\",\"name\":\"Iuris.doc\",\"description\":\"Naturalment digitals\",\"publisher\":{\"@id\":\"https:\\\/\\\/iurisdoc.com\\\/#organization\"},\"alternateName\":\"Iurisdoc\",\"potentialAction\":[{\"@type\":\"SearchAction\",\"target\":{\"@type\":\"EntryPoint\",\"urlTemplate\":\"https:\\\/\\\/iurisdoc.com\\\/?s={search_term_string}\"},\"query-input\":{\"@type\":\"PropertyValueSpecification\",\"valueRequired\":true,\"valueName\":\"search_term_string\"}}],\"inLanguage\":\"es\"},{\"@type\":\"Organization\",\"@id\":\"https:\\\/\\\/iurisdoc.com\\\/#organization\",\"name\":\"Iuris.doc\",\"alternateName\":\"Iurisdoc\",\"url\":\"https:\\\/\\\/iurisdoc.com\\\/\",\"logo\":{\"@type\":\"ImageObject\",\"inLanguage\":\"es\",\"@id\":\"https:\\\/\\\/iurisdoc.com\\\/#\\\/schema\\\/logo\\\/image\\\/\",\"url\":\"https:\\\/\\\/iurisdoc.com\\\/wp-content\\\/uploads\\\/Logo-Iuris.svg\",\"contentUrl\":\"https:\\\/\\\/iurisdoc.com\\\/wp-content\\\/uploads\\\/Logo-Iuris.svg\",\"caption\":\"Iuris.doc\"},\"image\":{\"@id\":\"https:\\\/\\\/iurisdoc.com\\\/#\\\/schema\\\/logo\\\/image\\\/\"},\"sameAs\":[\"https:\\\/\\\/x.com\\\/iurisdoc\",\"https:\\\/\\\/www.instagram.com\\\/iurisdoc\",\"https:\\\/\\\/www.linkedin.com\\\/company\\\/iuris-doc-contenidos-digitales-\\\/\"]}]}<\/script>\n<!-- \/ Yoast SEO plugin. -->","yoast_head_json":{"title":"Nuestros Servicios | Iuris.doc","description":"Estrategias de comunicaci\u00f3n, contenidos, audiovisuales, dise\u00f1o y tecnolog\u00eda. Tenemos una buena historia. \u00bfNos permites contar la tuya?","robots":{"index":"index","follow":"follow","max-snippet":"max-snippet:-1","max-image-preview":"max-image-preview:large","max-video-preview":"max-video-preview:-1"},"canonical":"https:\/\/iurisdoc.com\/es\/servicios\/","og_locale":"es_ES","og_type":"article","og_title":"Nuestros Servicios | Iuris.doc","og_description":"Estrategias de comunicaci\u00f3n, contenidos, audiovisuales, dise\u00f1o y tecnolog\u00eda. Tenemos una buena historia. \u00bfNos permites contar la tuya?","og_url":"https:\/\/iurisdoc.com\/es\/servicios\/","og_site_name":"Iuris.doc","article_modified_time":"2026-02-11T09:02:02+00:00","og_image":[{"width":1014,"height":649,"url":"https:\/\/iurisdoc.com\/wp-content\/uploads\/estrategia10.jpg","type":"image\/jpeg"}],"twitter_card":"summary_large_image","twitter_site":"@iurisdoc","twitter_misc":{"Tiempo de lectura":"4 minutos"},"schema":{"@context":"https:\/\/schema.org","@graph":[{"@type":"WebPage","@id":"https:\/\/iurisdoc.com\/es\/servicios\/","url":"https:\/\/iurisdoc.com\/es\/servicios\/","name":"Nuestros Servicios | Iuris.doc","isPartOf":{"@id":"https:\/\/iurisdoc.com\/#website"},"primaryImageOfPage":{"@id":"https:\/\/iurisdoc.com\/es\/servicios\/#primaryimage"},"image":{"@id":"https:\/\/iurisdoc.com\/es\/servicios\/#primaryimage"},"thumbnailUrl":"https:\/\/iurisdoc.com\/wp-content\/uploads\/estrategia10.jpg","datePublished":"2024-09-22T18:49:58+00:00","dateModified":"2026-02-11T09:02:02+00:00","description":"Estrategias de comunicaci\u00f3n, contenidos, audiovisuales, dise\u00f1o y tecnolog\u00eda. Tenemos una buena historia. \u00bfNos permites contar la tuya?","breadcrumb":{"@id":"https:\/\/iurisdoc.com\/es\/servicios\/#breadcrumb"},"inLanguage":"es","potentialAction":[{"@type":"ReadAction","target":["https:\/\/iurisdoc.com\/es\/servicios\/"]}]},{"@type":"ImageObject","inLanguage":"es","@id":"https:\/\/iurisdoc.com\/es\/servicios\/#primaryimage","url":"https:\/\/iurisdoc.com\/wp-content\/uploads\/estrategia10.jpg","contentUrl":"https:\/\/iurisdoc.com\/wp-content\/uploads\/estrategia10.jpg"},{"@type":"BreadcrumbList","@id":"https:\/\/iurisdoc.com\/es\/servicios\/#breadcrumb","itemListElement":[{"@type":"ListItem","position":1,"name":"Inici","item":"https:\/\/iurisdoc.com\/es\/"},{"@type":"ListItem","position":2,"name":"Servicios"}]},{"@type":"WebSite","@id":"https:\/\/iurisdoc.com\/#website","url":"https:\/\/iurisdoc.com\/","name":"Iuris.doc","description":"Naturalment digitals","publisher":{"@id":"https:\/\/iurisdoc.com\/#organization"},"alternateName":"Iurisdoc","potentialAction":[{"@type":"SearchAction","target":{"@type":"EntryPoint","urlTemplate":"https:\/\/iurisdoc.com\/?s={search_term_string}"},"query-input":{"@type":"PropertyValueSpecification","valueRequired":true,"valueName":"search_term_string"}}],"inLanguage":"es"},{"@type":"Organization","@id":"https:\/\/iurisdoc.com\/#organization","name":"Iuris.doc","alternateName":"Iurisdoc","url":"https:\/\/iurisdoc.com\/","logo":{"@type":"ImageObject","inLanguage":"es","@id":"https:\/\/iurisdoc.com\/#\/schema\/logo\/image\/","url":"https:\/\/iurisdoc.com\/wp-content\/uploads\/Logo-Iuris.svg","contentUrl":"https:\/\/iurisdoc.com\/wp-content\/uploads\/Logo-Iuris.svg","caption":"Iuris.doc"},"image":{"@id":"https:\/\/iurisdoc.com\/#\/schema\/logo\/image\/"},"sameAs":["https:\/\/x.com\/iurisdoc","https:\/\/www.instagram.com\/iurisdoc","https:\/\/www.linkedin.com\/company\/iuris-doc-contenidos-digitales-\/"]}]}},"_links":{"self":[{"href":"https:\/\/iurisdoc.com\/es\/wp-json\/wp\/v2\/pages\/11914","targetHints":{"allow":["GET"]}}],"collection":[{"href":"https:\/\/iurisdoc.com\/es\/wp-json\/wp\/v2\/pages"}],"about":[{"href":"https:\/\/iurisdoc.com\/es\/wp-json\/wp\/v2\/types\/page"}],"author":[{"embeddable":true,"href":"https:\/\/iurisdoc.com\/es\/wp-json\/wp\/v2\/users\/1"}],"replies":[{"embeddable":true,"href":"https:\/\/iurisdoc.com\/es\/wp-json\/wp\/v2\/comments?post=11914"}],"version-history":[{"count":14,"href":"https:\/\/iurisdoc.com\/es\/wp-json\/wp\/v2\/pages\/11914\/revisions"}],"predecessor-version":[{"id":14165,"href":"https:\/\/iurisdoc.com\/es\/wp-json\/wp\/v2\/pages\/11914\/revisions\/14165"}],"wp:attachment":[{"href":"https:\/\/iurisdoc.com\/es\/wp-json\/wp\/v2\/media?parent=11914"}],"curies":[{"name":"wp","href":"https:\/\/api.w.org\/{rel}","templated":true}]}}