{"id":11910,"date":"2024-09-04T09:12:25","date_gmt":"2024-09-04T09:12:25","guid":{"rendered":"https:\/\/iurisdoc.com\/politica-de-privacidad\/"},"modified":"2024-11-27T18:11:53","modified_gmt":"2024-11-27T18:11:53","slug":"politica-de-privacidad","status":"publish","type":"page","link":"https:\/\/iurisdoc.com\/es\/politica-de-privacidad\/","title":{"rendered":"Pol\u00edtica de privacidad"},"content":{"rendered":"\n<p>El TITULAR de la web es compromet a protegir la privacitat dels usuaris que accedeixin a aquesta web i\/o qualsevol dels seus serveis. La utilitzaci\u00f3 de la web i\/o de qualsevol dels serveis oferts pel TITULAR implica l\u2019acceptaci\u00f3 per part de l\u2019Usuari de les disposicions contingudes en aquesta Pol\u00edtica de Privacitat. <\/p>\n\n<p>Si us plau, tingueu en compte que tot i que hi pugui haver enlla\u00e7os de la nostra web a altres webs, aquesta Pol\u00edtica de Privacitat no s\u2019aplica a les webs d\u2019altres companyies o organitzacions a les quals la web estigui redirigida. El TITULAR no controla el contingut dels llocs de tercers ni accepta cap tipus de responsabilitat pel contingut o les pol\u00edtiques de privacitat d\u2019aquests llocs, tal com s\u2019indica al nostre <a href=\"https:\/\/iurisdoc.com\/es\/aviso-legal\/\" data-type=\"page\" data-id=\"10345\">Av\u00eds Legal<\/a>. <\/p>\n\n<p>En compliment del Reglament (UE) 2016\/679 del Parlament Europeu i del Consell, del 27 d\u2019abril del 2016, (RGPD) i la Llei Org\u00e0nica 3\/2018, del 5 de desembre, de Protecci\u00f3 de Dades Personals i garantia dels drets digitals (LOPDGDD), us oferim la seg\u00fcent informaci\u00f3 sobre el tractament de les vostres dades personals:<\/p>\n\n<h2 class=\"gb-headline gb-headline-bb41daeb gb-headline-text\">Qui \u00e9s el responsable del tractament de les vostres dades?<\/h2>\n\n<p>El Responsable del tractament de les vostres dades \u00e9s Iuris.Doc, S.L. amb CIF B61857280 i domicili a l\u2019av. Diagonal, 340-348, CP 08013 de la localitat de Barcelona (d\u2019ara endavant, IURIS.DOC). <\/p>\n\n<p>Les nostres dades figuren a l\u2019<a href=\"https:\/\/iurisdoc.com\/es\/aviso-legal\/\" data-type=\"page\" data-id=\"10345\">Av\u00eds Legal<\/a> d\u2019aquest web.<\/p>\n\n<h2 class=\"gb-headline gb-headline-a2db083f gb-headline-text\">Principis que IURIS.DOC aplicar\u00e0 a la informaci\u00f3 personal dels interessats<\/h2>\n\n<p>En el tractament de dades personals dels Interessats, IURIS.DOC aplicar\u00e0 els principis seg\u00fcents que s\u2019ajusten a les exig\u00e8ncies de la normativa vigent de protecci\u00f3 de dades:<\/p>\n\n<ul class=\"wp-block-list\">\n<li>Principi de licitud, lleialtat i transpar\u00e8ncia: Sempre requerir\u00e9 el teu consentiment per al tractament de les teves dades personals per a un o diversos fins espec\u00edfics que t\u2019informar\u00e9 pr\u00e8viament amb absoluta transpar\u00e8ncia.<\/li>\n\n\n\n<li>Principi de minimitzaci\u00f3 de dades: Nom\u00e9s sol\u00b7licito dades estrictament necess\u00e0ries en relaci\u00f3 amb les finalitats per a les quals les requereixo. Els m\u00ednims possibles. <\/li>\n\n\n\n<li>Principi de limitaci\u00f3 del termini de conservaci\u00f3: les dades seran mantingudes durant no m\u00e9s temps del necessari per als fins del tractament, en funci\u00f3 de la finalitat, t\u2019informar\u00e9 del termini de conservaci\u00f3 corresponent, en el cas de subscripcions, peri\u00f2dicament revisar\u00e9 les meves llistes i eliminar\u00e9 aquells registres inactius durant un temps considerable.<\/li>\n\n\n\n<li>Principi d\u2019integritat i confidencialitat: Les teves dades seran tractades de manera que es garanteixi una seguretat adequada de les dades personals i es garanteixi confidencialitat. Has de saber que prenc totes les precaucions necess\u00e0ries per evitar l\u2019acc\u00e9s no autoritzat o \u00fas indegut de les dades dels meus usuaris per part de tercers. <\/li>\n<\/ul>\n\n<h2 class=\"gb-headline gb-headline-c5423bb9 gb-headline-text\">Amb quina finalitat tractem les vostres dades personals?<\/h2>\n\n<p>Amb el consentiment de l\u2019interessat o atenent els interessos leg\u00edtims IURIS.DOC, utilitzarem les dades de l\u2019interessat per dur a terme algunes de les accions seg\u00fcents basant-nos en la base de legitimaci\u00f3 respectiva:<\/p>\n\n<ul class=\"wp-block-list\">\n<li>Atendre les trucades, emails o consultes dels nostres Clients i Usuaris.<\/li>\n\n\n\n<li>Realitzar l\u2019execuci\u00f3, la gesti\u00f3 i la facturaci\u00f3 dels contractes subscrits per part dels nostres Clients a trav\u00e9s dels canals establerts a aquest efecte.<\/li>\n\n\n\n<li>Realitzar l\u2019enviament d\u2019informaci\u00f3 i comunicaci\u00f3 de car\u00e0cter comercial respecte als serveis contractats i mantenir-vos informaci\u00f3 sobre novetats i ofertes del vostre inter\u00e8s respecte a nous productes i\/o serveis de IURIS.DOC.<\/li>\n\n\n\n<li>Gestionar les reclamacions o queixes plantejades davant de IURIS.DOC.<\/li>\n<\/ul>\n\n<h2 class=\"gb-headline gb-headline-63af9296 gb-headline-text\">Durant quant de temps conservarem les vostres dades?<\/h2>\n\n<p>Les dades personals proporcionades per l\u2019interessat es conservaran mentre estigui vigent la relaci\u00f3 i\/o el contracte subscrit entre l\u2019interessat i IURIS.DOC i, una vegada es produeixi la seva finalitzaci\u00f3, seran bloquejades fins que transcorrin els terminis de prescripci\u00f3 aplicables.<\/p>\n\n<p>En cas que hagi consentit el tractament, fins que l\u2019interessat sol\u00b7liciti la seva supressi\u00f3, moment en qu\u00e8 seran bloquejats fins que transcorrin els terminis de prescripci\u00f3 aplicables.<\/p>\n\n<h2 class=\"gb-headline gb-headline-69e9afcf gb-headline-text\">Quina \u00e9s la legitimaci\u00f3 per al tractament de les vostres dades?<\/h2>\n\n<p>La base legal per al tractament de les vostres dades per a les finalitats anteriorment descrites \u00e9s el vostre consentiment, lliurement atorgat en marcar les caselles d\u2019acceptaci\u00f3 dels formularis de recollida de dades de la nostra p\u00e0gina web (art. 6.1.a) del RGPD).<\/p>\n\n<p>Com a base legal, tamb\u00e9 hi ha la possibilitat que el tractament de les dades facilitades sigui necessari per a l\u2019execuci\u00f3 d\u2019un contracte en qu\u00e8 l\u2019interessat es parteix o per a l\u2019aplicaci\u00f3 a petici\u00f3 del mateix de mesures precontractuals (art. 6.1.b) del RGPD) o per al compliment d\u2019una obligaci\u00f3 legal aplicable al responsable del tractament (art. 6.1.c) RGPD), aix\u00ed com altres disposicions aplicables a la relaci\u00f3 dels Interessats amb IURIS.DOC.<\/p>\n\n<h2 class=\"gb-headline gb-headline-cf31fdb0 gb-headline-text\">A quins destinataris es comunicaran les vostres dades?<\/h2>\n\n<p>Les dades personals de l\u2019interessat podran ser cedides als destinataris seg\u00fcents:<\/p>\n\n<ul class=\"wp-block-list\">\n<li>Administracions P\u00fabliques (Hisenda, Seguretat Social, Ajuntaments, Generalitat, Diputacions) i Jutjats i Tribunals, quan aix\u00ed ho estableixi una disposici\u00f3 legal aplicable.<\/li>\n\n\n\n<li>Prove\u00efdors que presten serveis a IURIS.DOC relacionats amb la gesti\u00f3 del contracte formalitzat i que tenen la condici\u00f3 d\u2019encarregats del tractament, com ara, per\u00f2 no limitant-se a entitats financeres, entitats de detecci\u00f3 i prevenci\u00f3 del frau, prove\u00efdors de serveis tecnol\u00f2gics, prove\u00efdors i col\u00b7laboradors de serveis de log\u00edstica, transport i entrega o prove\u00efdors de serveis relacionats amb l\u2019atenci\u00f3 al client, advocats o gestories, bancs o entitats jur\u00eddiques o f\u00edsiques vinculades a IURIS.DOC d\u2019alguna manera.<\/li>\n\n\n\n<li>Prove\u00efdors i col\u00b7laboradors que presten serveis relacionats amb m\u00e0rqueting i publicitat, nom\u00e9s en cas que l\u2019interessat hagi donat el seu consentiment de forma expressa.<\/li>\n<\/ul>\n\n<p>En qualsevol cas, els tercers amb qu\u00e8 es comparteixin determinades dades de car\u00e0cter personal de l\u2019interessat hauran acreditat pr\u00e8viament l\u2019adopci\u00f3 de mesures adequades per protegir-les correctament.<\/p>\n\n<h2 class=\"gb-headline gb-headline-372f5c8c gb-headline-text\">Quins s\u00f3n els vostres drets quan ens facilita les vostres dades?<\/h2>\n\n<p>Qualsevol persona t\u00e9 dret a obtenir confirmaci\u00f3 sobre si estem tractant dades personals que us concerneixen. Les persones interessades tenen dret a accedir a les seves dades personals, aix\u00ed com a sol\u00b7licitar la rectificaci\u00f3 de les dades inexactes o, si escau, sol\u00b7licitar la seva supressi\u00f3 quan, entre altres motius, les dades ja no siguin necess\u00e0ries per a les finalitats per a les quals van ser recollits. <\/p>\n\n<p>En determinats sup\u00f2sits l\u2019interessat tindr\u00e0 dret a sol\u00b7licitar la limitaci\u00f3 del tractament de les dades, cas en qu\u00e8 \u00fanicament les conservarem per a l\u2019exercici o la defensa de reclamacions.<\/p>\n\n<p>En determinades circumst\u00e0ncies i per motius relacionats amb la seva situaci\u00f3 particular, els interessats es poden oposar al tractament de les seves dades. En aquest cas, IURIS.DOC deixar\u00e0 de tractar les dades, tret de motius leg\u00edtims imperiosos o l\u2019exercici o la defensa de possibles reclamacions. <\/p>\n\n<p>En qualsevol dels casos anteriors, IURIS.DOC comunicar\u00e0 qualsevol rectificaci\u00f3 o supressi\u00f3 de dades personals, aix\u00ed com qualsevol limitaci\u00f3 de tractament efectuada a cadascun dels destinataris als quals s\u2019hagin comunicat les dades personals, llevat que sigui o exigeixi un esfor\u00e7 desproporcionat. Si aix\u00ed ho sol\u00b7licita l\u2019interessat, IURIS.DOC us informar\u00e0 sobre aquests destinataris. <\/p>\n\n<p>Aix\u00ed mateix, l\u2019interessat tindr\u00e0 dret a rebre les dades personals que li incumbeixin, que hagi facilitat a IURIS.DOC, en un format estructurat, d\u2019\u00fas com\u00fa i lectura mec\u00e0nica, ia transmetre\u2019ls a un altre responsable quan el tractament es base en el consentiment o en contracte i s\u2019efectu\u00ef per mitjans automatitzats.<\/p>\n\n<p>L\u2019interessat tindr\u00e0 dret a oposar-se en qualsevol moment, per motius relacionats amb la seva situaci\u00f3 particular, que dades personals que li concerneixin siguin objecte d\u2019un tractament basat en l\u2019inter\u00e8s p\u00fablic o leg\u00edtim per IURIS.DOC o un tercer, incloent-hi l\u2019elaboraci\u00f3 de perfils , per tal que IURIS.DOC deixi de tractar les dades personals, llevat que aquestes puguin acreditar motius leg\u00edtims imperiosos per al tractament que prevalguin sobre els interessos, drets i llibertats de l\u2019interessat, o per a la formulaci\u00f3, exercici o defensa de reclamacions.<\/p>\n\n<p>Aix\u00ed mateix, l\u2019interessat t\u00e9 dret a no ser objecte d\u2019una decisi\u00f3 basada \u00fanicament en el tractament automatitzat, incloent-hi l\u2019elaboraci\u00f3 de perfils, que hi produeixi efectes jur\u00eddics o l\u2019afecti significativament, llevat que aquesta decisi\u00f3 sigui necess\u00e0ria per a la celebraci\u00f3 o l\u2019execuci\u00f3 d\u2019un contracte amb IURIS.DOC i estigui autoritzada per la legalitat europea o estatal vigent o es base en el consentiment expl\u00edcit de l\u2019interessat.<\/p>\n\n<p>Finalment, l\u2019interessat tindr\u00e0 dret a presentar reclamaci\u00f3 davant les autoritats de protecci\u00f3 de dades.<\/p>\n\n<h2 class=\"gb-headline gb-headline-ee764c21 gb-headline-text\">Dades de tercers<\/h2>\n\n<p>En cas que l\u2019interessat hagi proporcionat dades de car\u00e0cter personal de terceres persones, garanteix que les ha demanat l\u00edcitament i que ha subministrat a l\u2019afectat la informaci\u00f3 necess\u00e0ria sobre el tractament de les seves dades i es fa responsable de sol\u00b7licitar el consentiment del qualsevol afectat per a la cessi\u00f3 i tractament de les seves dades de car\u00e0cter personal per part d\u2019IURIS.DOC i dels destinataris contemplats a la present Pol\u00edtica de Privacitat.<\/p>\n\n<h2 class=\"gb-headline gb-headline-6d36f6ed gb-headline-text\">Com podeu exercir els vostres drets?<\/h2>\n\n<p>Els referits drets d\u2019acc\u00e9s, rectificaci\u00f3, supressi\u00f3, oposici\u00f3, portabilitat i limitaci\u00f3, aix\u00ed com si no s\u00f3n objecte de decisions individuals automatitzades, podran ser exercits enviant una sol\u00b7licitud escrita amb c\u00f2pia adjunta del seu DNI a trav\u00e9s de la seg\u00fcent adre\u00e7a de correu electr\u00f2nic: atugues@iurisdoc.com.<\/p>\n\n<h2 class=\"gb-headline gb-headline-699381ad gb-headline-text\">Com hem obtingut les vostres dades?<\/h2>\n\n<p>Les dades personals que tracta IURIS.DOC procedeixen del mateix Interessat, enviades a trav\u00e9s dels formularis de recollida de dades implementades a la nostra p\u00e0gina web.<\/p>\n\n<p>Vost\u00e8 com a Usuari qui garanteix que les dades personals facilitades s\u00f3n certes i es fa responsable de comunicar qualsevol modificaci\u00f3. Les dades que s\u2019hagin d\u2019introduir en un camp que estigui marcat amb un asterisc s\u00f3n obligat\u00f2ries per poder prestar-vos el servei sol\u00b7licitat. <\/p>\n\n<h2 class=\"gb-headline gb-headline-48289c4f gb-headline-text\">Quines dades tractem?<\/h2>\n\n<p>Les categories de dades que podem tractar s\u00f3n:<\/p>\n\n<ul class=\"wp-block-list\">\n<li>Dades identificatives (nom i cognoms, adre\u00e7a, tel\u00e8fon,).<\/li>\n\n\n\n<li>Dades de transaccions de b\u00e9ns i serveis rebudes per l\u2019afectat).<\/li>\n\n\n\n<li>Informaci\u00f3 comercial (subscripci\u00f3 a la nostra newsletters).<\/li>\n\n\n\n<li>Qualsevol altra dada de car\u00e0cter personal necess\u00e0ria per a la correcta execuci\u00f3 de la relaci\u00f3 entre l\u2019interessat i IURIS.DOC.<\/li>\n<\/ul>\n\n<p>La negativa per part de l\u2019interessat a facilitar-nos determinades dades podria obstaculitzar el desenvolupament de la relaci\u00f3 entre aquest i IURIS.DOC, i es veu afectada la prestaci\u00f3 de serveis de IURIS.DOC.<\/p>\n\n<p>Si l\u2019interessat t\u00e9 qualsevol dubte en relaci\u00f3 amb aquest apartat cal que us poseu en contacte amb IURIS.DOC a trav\u00e9s de l\u2019adre\u00e7a facilitada a l\u2019apartat \u201cResponsable de Tractament\u201d.<\/p>\n\n<h2 class=\"gb-headline gb-headline-e76aaca8 gb-headline-text\">Utilitzem cookies?<\/h2>\n\n<p>Utilitzem cookies durant la navegaci\u00f3 a la nostra web amb el consentiment informat de l\u2019Usuari. L\u2019Usuari pot configurar el vostre navegador per ser avisat de la utilitzaci\u00f3 de cookies i per evitar-ne l\u2019\u00fas. Per obtenir m\u00e9s informaci\u00f3 visiteu la nostra Pol\u00edtica de Cookies.  <\/p>\n\n<h2 class=\"gb-headline gb-headline-722d2482 gb-headline-text\">Quines mesures de seguretat apliquem?<\/h2>\n\n<p>Apliquem les mesures de seguretat establertes a l\u2019article 32 del RGPD, per tant hem adoptat les mesures de seguretat necess\u00e0ries per garantir un nivell de seguretat adequat al risc del tractament de dades que realitzem, amb mecanismes que ens permeten garantir la confidencialitat, integritat, disponibilitat i resili\u00e8ncia permanent dels sistemes i serveis de tractament.<\/p>\n\n<p>Algunes d\u2019aquestes mesures s\u00f3n:<\/p>\n\n<ul class=\"wp-block-list\">\n<li>Informaci\u00f3 de les pol\u00edtiques de tractament de dades al personal.<\/li>\n\n\n\n<li>Realitzaci\u00f3 de c\u00f2pies de seguretat peri\u00f2diques.<\/li>\n\n\n\n<li>Control dacc\u00e9s a les dades.<\/li>\n\n\n\n<li>Processos de verificaci\u00f3, avaluaci\u00f3 i valoraci\u00f3 regulars.<\/li>\n<\/ul>\n\n<h2 class=\"gb-headline gb-headline-62557120 gb-headline-text\">Modificacions de la nostra Pol\u00edtica de Privacitat<\/h2>\n\n<p>Ocasionalment, IURIS.DOC podr\u00e0 realitzar modificacions i correccions a la seva Pol\u00edtica de Privacitat. Si us plau, verifiqueu aquest apartat regularment per consultar els canvis que puguin haver existit i de quina manera us poden afectar. <\/p>\n","protected":false},"excerpt":{"rendered":"<p>El TITULAR de la web es compromet a protegir la privacitat dels usuaris que accedeixin a aquesta web i\/o qualsevol dels seus serveis. La utilitzaci\u00f3 de la web i\/o de qualsevol dels serveis oferts pel TITULAR implica l\u2019acceptaci\u00f3 per part de l\u2019Usuari de les disposicions contingudes en aquesta Pol\u00edtica de Privacitat. Si us plau, tingueu &#8230; <a title=\"Pol\u00edtica de privacidad\" class=\"read-more\" href=\"https:\/\/iurisdoc.com\/es\/politica-de-privacidad\/\" aria-label=\"Leer m\u00e1s sobre Pol\u00edtica de privacidad\">Leer m\u00e1s<\/a><\/p>\n","protected":false},"author":1,"featured_media":0,"parent":0,"menu_order":0,"comment_status":"closed","ping_status":"closed","template":"","meta":{"_acf_changed":false,"footnotes":""},"class_list":{"0":"post-11910","1":"page","2":"type-page","3":"status-publish","5":"infinite-scroll-item"},"acf":[],"yoast_head":"<!-- This site is optimized with the Yoast SEO plugin v27.3 - https:\/\/yoast.com\/product\/yoast-seo-wordpress\/ -->\n<title>Pol\u00edtica de privacidad | Iuris.doc<\/title>\n<meta name=\"description\" content=\"Som creadors de conitnguts\" \/>\n<meta name=\"robots\" content=\"index, follow, max-snippet:-1, max-image-preview:large, max-video-preview:-1\" \/>\n<link rel=\"canonical\" href=\"https:\/\/iurisdoc.com\/politica-de-privacitat\/\" \/>\n<meta property=\"og:locale\" content=\"es_ES\" \/>\n<meta property=\"og:type\" content=\"article\" \/>\n<meta property=\"og:title\" content=\"Pol\u00edtica de privacidad | Iuris.doc\" \/>\n<meta property=\"og:description\" content=\"Som creadors de conitnguts\" \/>\n<meta property=\"og:url\" content=\"https:\/\/iurisdoc.com\/politica-de-privacitat\/\" \/>\n<meta property=\"og:site_name\" content=\"Iuris.doc\" \/>\n<meta property=\"article:modified_time\" content=\"2024-11-27T18:11:53+00:00\" \/>\n<meta name=\"twitter:card\" content=\"summary_large_image\" \/>\n<meta name=\"twitter:site\" content=\"@iurisdoc\" \/>\n<meta name=\"twitter:label1\" content=\"Tiempo de lectura\" \/>\n\t<meta name=\"twitter:data1\" content=\"10 minutos\" \/>\n<script type=\"application\/ld+json\" class=\"yoast-schema-graph\">{\"@context\":\"https:\\\/\\\/schema.org\",\"@graph\":[{\"@type\":\"WebPage\",\"@id\":\"https:\\\/\\\/iurisdoc.com\\\/politica-de-privacitat\\\/\",\"url\":\"https:\\\/\\\/iurisdoc.com\\\/politica-de-privacitat\\\/\",\"name\":\"Pol\u00edtica de privacidad | Iuris.doc\",\"isPartOf\":{\"@id\":\"https:\\\/\\\/iurisdoc.com\\\/#website\"},\"datePublished\":\"2024-09-04T09:12:25+00:00\",\"dateModified\":\"2024-11-27T18:11:53+00:00\",\"description\":\"Som creadors de conitnguts\",\"breadcrumb\":{\"@id\":\"https:\\\/\\\/iurisdoc.com\\\/politica-de-privacitat\\\/#breadcrumb\"},\"inLanguage\":\"es\",\"potentialAction\":[{\"@type\":\"ReadAction\",\"target\":[\"https:\\\/\\\/iurisdoc.com\\\/politica-de-privacitat\\\/\"]}]},{\"@type\":\"BreadcrumbList\",\"@id\":\"https:\\\/\\\/iurisdoc.com\\\/politica-de-privacitat\\\/#breadcrumb\",\"itemListElement\":[{\"@type\":\"ListItem\",\"position\":1,\"name\":\"Inici\",\"item\":\"https:\\\/\\\/iurisdoc.com\\\/es\\\/\"},{\"@type\":\"ListItem\",\"position\":2,\"name\":\"Pol\u00edtica de privacidad\"}]},{\"@type\":\"WebSite\",\"@id\":\"https:\\\/\\\/iurisdoc.com\\\/#website\",\"url\":\"https:\\\/\\\/iurisdoc.com\\\/\",\"name\":\"Iuris.doc\",\"description\":\"Naturalment digitals\",\"publisher\":{\"@id\":\"https:\\\/\\\/iurisdoc.com\\\/#organization\"},\"alternateName\":\"Iurisdoc\",\"potentialAction\":[{\"@type\":\"SearchAction\",\"target\":{\"@type\":\"EntryPoint\",\"urlTemplate\":\"https:\\\/\\\/iurisdoc.com\\\/?s={search_term_string}\"},\"query-input\":{\"@type\":\"PropertyValueSpecification\",\"valueRequired\":true,\"valueName\":\"search_term_string\"}}],\"inLanguage\":\"es\"},{\"@type\":\"Organization\",\"@id\":\"https:\\\/\\\/iurisdoc.com\\\/#organization\",\"name\":\"Iuris.doc\",\"alternateName\":\"Iurisdoc\",\"url\":\"https:\\\/\\\/iurisdoc.com\\\/\",\"logo\":{\"@type\":\"ImageObject\",\"inLanguage\":\"es\",\"@id\":\"https:\\\/\\\/iurisdoc.com\\\/#\\\/schema\\\/logo\\\/image\\\/\",\"url\":\"https:\\\/\\\/iurisdoc.com\\\/wp-content\\\/uploads\\\/Logo-Iuris.svg\",\"contentUrl\":\"https:\\\/\\\/iurisdoc.com\\\/wp-content\\\/uploads\\\/Logo-Iuris.svg\",\"caption\":\"Iuris.doc\"},\"image\":{\"@id\":\"https:\\\/\\\/iurisdoc.com\\\/#\\\/schema\\\/logo\\\/image\\\/\"},\"sameAs\":[\"https:\\\/\\\/x.com\\\/iurisdoc\",\"https:\\\/\\\/www.instagram.com\\\/iurisdoc\",\"https:\\\/\\\/www.linkedin.com\\\/company\\\/iuris-doc-contenidos-digitales-\\\/\"]}]}<\/script>\n<!-- \/ Yoast SEO plugin. -->","yoast_head_json":{"title":"Pol\u00edtica de privacidad | Iuris.doc","description":"Som creadors de conitnguts","robots":{"index":"index","follow":"follow","max-snippet":"max-snippet:-1","max-image-preview":"max-image-preview:large","max-video-preview":"max-video-preview:-1"},"canonical":"https:\/\/iurisdoc.com\/politica-de-privacitat\/","og_locale":"es_ES","og_type":"article","og_title":"Pol\u00edtica de privacidad | Iuris.doc","og_description":"Som creadors de conitnguts","og_url":"https:\/\/iurisdoc.com\/politica-de-privacitat\/","og_site_name":"Iuris.doc","article_modified_time":"2024-11-27T18:11:53+00:00","twitter_card":"summary_large_image","twitter_site":"@iurisdoc","twitter_misc":{"Tiempo de lectura":"10 minutos"},"schema":{"@context":"https:\/\/schema.org","@graph":[{"@type":"WebPage","@id":"https:\/\/iurisdoc.com\/politica-de-privacitat\/","url":"https:\/\/iurisdoc.com\/politica-de-privacitat\/","name":"Pol\u00edtica de privacidad | Iuris.doc","isPartOf":{"@id":"https:\/\/iurisdoc.com\/#website"},"datePublished":"2024-09-04T09:12:25+00:00","dateModified":"2024-11-27T18:11:53+00:00","description":"Som creadors de conitnguts","breadcrumb":{"@id":"https:\/\/iurisdoc.com\/politica-de-privacitat\/#breadcrumb"},"inLanguage":"es","potentialAction":[{"@type":"ReadAction","target":["https:\/\/iurisdoc.com\/politica-de-privacitat\/"]}]},{"@type":"BreadcrumbList","@id":"https:\/\/iurisdoc.com\/politica-de-privacitat\/#breadcrumb","itemListElement":[{"@type":"ListItem","position":1,"name":"Inici","item":"https:\/\/iurisdoc.com\/es\/"},{"@type":"ListItem","position":2,"name":"Pol\u00edtica de privacidad"}]},{"@type":"WebSite","@id":"https:\/\/iurisdoc.com\/#website","url":"https:\/\/iurisdoc.com\/","name":"Iuris.doc","description":"Naturalment digitals","publisher":{"@id":"https:\/\/iurisdoc.com\/#organization"},"alternateName":"Iurisdoc","potentialAction":[{"@type":"SearchAction","target":{"@type":"EntryPoint","urlTemplate":"https:\/\/iurisdoc.com\/?s={search_term_string}"},"query-input":{"@type":"PropertyValueSpecification","valueRequired":true,"valueName":"search_term_string"}}],"inLanguage":"es"},{"@type":"Organization","@id":"https:\/\/iurisdoc.com\/#organization","name":"Iuris.doc","alternateName":"Iurisdoc","url":"https:\/\/iurisdoc.com\/","logo":{"@type":"ImageObject","inLanguage":"es","@id":"https:\/\/iurisdoc.com\/#\/schema\/logo\/image\/","url":"https:\/\/iurisdoc.com\/wp-content\/uploads\/Logo-Iuris.svg","contentUrl":"https:\/\/iurisdoc.com\/wp-content\/uploads\/Logo-Iuris.svg","caption":"Iuris.doc"},"image":{"@id":"https:\/\/iurisdoc.com\/#\/schema\/logo\/image\/"},"sameAs":["https:\/\/x.com\/iurisdoc","https:\/\/www.instagram.com\/iurisdoc","https:\/\/www.linkedin.com\/company\/iuris-doc-contenidos-digitales-\/"]}]}},"_links":{"self":[{"href":"https:\/\/iurisdoc.com\/es\/wp-json\/wp\/v2\/pages\/11910","targetHints":{"allow":["GET"]}}],"collection":[{"href":"https:\/\/iurisdoc.com\/es\/wp-json\/wp\/v2\/pages"}],"about":[{"href":"https:\/\/iurisdoc.com\/es\/wp-json\/wp\/v2\/types\/page"}],"author":[{"embeddable":true,"href":"https:\/\/iurisdoc.com\/es\/wp-json\/wp\/v2\/users\/1"}],"replies":[{"embeddable":true,"href":"https:\/\/iurisdoc.com\/es\/wp-json\/wp\/v2\/comments?post=11910"}],"version-history":[{"count":1,"href":"https:\/\/iurisdoc.com\/es\/wp-json\/wp\/v2\/pages\/11910\/revisions"}],"predecessor-version":[{"id":11911,"href":"https:\/\/iurisdoc.com\/es\/wp-json\/wp\/v2\/pages\/11910\/revisions\/11911"}],"wp:attachment":[{"href":"https:\/\/iurisdoc.com\/es\/wp-json\/wp\/v2\/media?parent=11910"}],"curies":[{"name":"wp","href":"https:\/\/api.w.org\/{rel}","templated":true}]}}