{"id":11875,"date":"2024-10-07T17:07:42","date_gmt":"2024-10-07T17:07:42","guid":{"rendered":"https:\/\/iurisdoc.com\/contactar\/"},"modified":"2025-01-23T16:06:35","modified_gmt":"2025-01-23T16:06:35","slug":"contacto","status":"publish","type":"page","link":"https:\/\/iurisdoc.com\/es\/contacto\/","title":{"rendered":"Cont\u00e1ctanos"},"content":{"rendered":"<div class=\"gb-container gb-container-4462aae8\">\n<div class=\"gb-container gb-container-b80ea26e section-inner\">\n<div class=\"gb-grid-wrapper gb-grid-wrapper-f928c5dd\">\n<div class=\"gb-grid-column gb-grid-column-44b98df5\"><div class=\"gb-container gb-container-44b98df5\" data-aos=\"fade\">\n\n<div class=\"wpcf7 no-js\" id=\"wpcf7-f12765-o1\" lang=\"es-ES\" dir=\"ltr\" data-wpcf7-id=\"12765\">\n<div class=\"screen-reader-response\"><p role=\"status\" aria-live=\"polite\" aria-atomic=\"true\"><\/p> <ul><\/ul><\/div>\n<form action=\"\/es\/wp-json\/wp\/v2\/pages\/11875#wpcf7-f12765-o1\" method=\"post\" class=\"wpcf7-form init\" aria-label=\"Formulario de contacto\" novalidate=\"novalidate\" data-status=\"init\">\n<fieldset class=\"hidden-fields-container\"><input type=\"hidden\" name=\"_wpcf7\" value=\"12765\" \/><input type=\"hidden\" name=\"_wpcf7_version\" value=\"6.1.5\" \/><input type=\"hidden\" name=\"_wpcf7_locale\" value=\"es_ES\" \/><input type=\"hidden\" name=\"_wpcf7_unit_tag\" value=\"wpcf7-f12765-o1\" \/><input type=\"hidden\" name=\"_wpcf7_container_post\" value=\"0\" \/><input type=\"hidden\" name=\"_wpcf7_posted_data_hash\" value=\"\" \/><input type=\"hidden\" name=\"_wpcf7_recaptcha_response\" value=\"\" \/>\n<\/fieldset>\n<div class=\"wpcf7-form-contact-wrapper\">\n\t<p><span class=\"wpcf7-form-control-wrap\" data-name=\"mc4wp-FNAME\"><input size=\"40\" maxlength=\"400\" class=\"wpcf7-form-control wpcf7-text wpcf7-validates-as-required\" autocomplete=\"name\" aria-required=\"true\" aria-invalid=\"false\" placeholder=\"Tu nombre *\" value=\"\" type=\"text\" name=\"mc4wp-FNAME\" \/><\/span><br \/>\n<span class=\"wpcf7-form-control-wrap\" data-name=\"mc4wp-PHONE\"><input size=\"40\" maxlength=\"400\" class=\"wpcf7-form-control wpcf7-tel wpcf7-validates-as-required wpcf7-text wpcf7-validates-as-tel\" aria-required=\"true\" aria-invalid=\"false\" placeholder=\"Tu tel\u00e9fono *\" value=\"\" type=\"tel\" name=\"mc4wp-PHONE\" \/><\/span><br \/>\n<span class=\"wpcf7-form-control-wrap\" data-name=\"mc4wp-EMAIL\"><input size=\"40\" maxlength=\"400\" class=\"wpcf7-form-control wpcf7-email wpcf7-validates-as-required wpcf7-text wpcf7-validates-as-email\" autocomplete=\"email\" aria-required=\"true\" aria-invalid=\"false\" placeholder=\"Tu correo electr\u00f3nico *\" value=\"\" type=\"email\" name=\"mc4wp-EMAIL\" \/><\/span><br \/>\n<span class=\"wpcf7-form-control-wrap\" data-name=\"your-enterprise-name\"><input size=\"40\" maxlength=\"400\" class=\"wpcf7-form-control wpcf7-text wpcf7-validates-as-required\" autocomplete=\"name\" aria-required=\"true\" aria-invalid=\"false\" placeholder=\"Tu empresa o entidad *\" value=\"\" type=\"text\" name=\"your-enterprise-name\" \/><\/span><br \/>\n<label class=\"wpcf7-form-control-wrap\" data-name=\"how-you-known-us\">Has conocido a Iuris.doc...<\/label><br \/>\n<span class=\"wpcf7-form-control-wrap\" data-name=\"how-you-known-us\"><select class=\"wpcf7-form-control wpcf7-select\" aria-invalid=\"false\" name=\"how-you-known-us\"><option value=\"\">&#8212;Por favor, elige una opci\u00f3n&#8212;<\/option><option value=\"A trav\u00e9s de Google\">A trav\u00e9s de Google<\/option><option value=\"En las redes sociales\">En las redes sociales<\/option><option value=\"A trav\u00e9s de un contacto\">A trav\u00e9s de un contacto<\/option><option value=\"Otros\">Otros<\/option><\/select><\/span><br \/>\n<span class=\"wpcf7-form-control-wrap\" data-name=\"your-message\"><textarea cols=\"40\" rows=\"10\" maxlength=\"2000\" class=\"wpcf7-form-control wpcf7-textarea wpcf7-validates-as-required\" aria-required=\"true\" aria-invalid=\"false\" placeholder=\"Tu mensaje *\" name=\"your-message\"><\/textarea><\/span>\n\t<\/p>\n\t<div class=\"wpcf7-form-contact-send\">\n\t\t<div>\n\t\t\t<p><!-- Mailchimp for WordPress v4.12.1 - https:\/\/www.mc4wp.com\/ --><input type=\"hidden\" name=\"_mc4wp_subscribe_contact-form-7\" value=\"0\" \/><span class=\"mc4wp-checkbox mc4wp-checkbox-contact-form-7 \"><label><input type=\"checkbox\" name=\"_mc4wp_subscribe_contact-form-7\" value=\"1\" ><span>Suscr\u00edbete a la newsletter y sabr\u00e1s qu\u00e9 pasa en Iuris.doc<\/span><\/label><\/span><!-- \/ Mailchimp for WordPress --><br \/>\n<span class=\"wpcf7-form-control-wrap\" data-name=\"acceptance-258\"><span class=\"wpcf7-form-control wpcf7-acceptance\"><span class=\"wpcf7-list-item\"><label><input type=\"checkbox\" name=\"acceptance-258\" value=\"1\" aria-invalid=\"false\" \/><span class=\"wpcf7-list-item-label\">He le\u00eddo y acepto las condiciones del <a href=\"\/avis-legal\/\" target=\"_blank\"><b>aviso legal<\/b><\/a><\/span><\/label><\/span><\/span><\/span>\n\t\t\t<\/p>\n\t\t<\/div>\n\t\t<p><span class=\"wpcf7-submit-wrapper\"><input class=\"wpcf7-form-control wpcf7-submit has-spinner\" type=\"submit\" value=\"Env\u00eda\" \/><\/span>\n\t\t<\/p>\n\t<\/div>\n\t<p><input name=\"mc4wp-LANG\" type=\"hidden\" value=\"ES\" \/><br \/>\n<input name=\"mc4wp-CHECKED\" type=\"hidden\" value=\"X\" \/><br \/>\n<input name=\"_mc4wp_lists[]\" type=\"hidden\" value=\"7db46892cc\" \/>\n\t<\/p>\n<\/div><div class=\"wpcf7-response-output\" aria-hidden=\"true\"><\/div>\n<\/form>\n<\/div>\n\n\n<\/div><\/div>\n\n<div class=\"gb-grid-column gb-grid-column-5915b128\"><div class=\"gb-container gb-container-5915b128\" data-aos=\"fade\" data-aos-delay=\"300\">\n\n<div class=\"gb-headline gb-headline-ecd2d4f3 gb-headline-text\">Av. Diagonal, 340-348<br> 08013 Barcelona <br><br>Tel: 93 165 61 90<br> iuris@iurisdoc.com<\/div>\n\n\n\n<p><br\/><\/p>\n\n<\/div><\/div>\n<\/div>\n<\/div>\n<\/div>","protected":false},"excerpt":{"rendered":"","protected":false},"author":1,"featured_media":0,"parent":0,"menu_order":0,"comment_status":"closed","ping_status":"closed","template":"","meta":{"_acf_changed":false,"footnotes":""},"class_list":{"0":"post-11875","1":"page","2":"type-page","3":"status-publish","5":"infinite-scroll-item"},"acf":[],"yoast_head":"<!-- This site is optimized with the Yoast SEO plugin v27.3 - https:\/\/yoast.com\/product\/yoast-seo-wordpress\/ -->\n<title>Cont\u00e1ctanos | Iuris.doc<\/title>\n<meta name=\"description\" content=\"Estrategias de comunicaci\u00f3n, contenidos, audiovisuales, dise\u00f1o y tecnolog\u00eda. Tenemos una buena historia. \u00bfNos permites contar la tuya?\" \/>\n<meta name=\"robots\" content=\"index, follow, max-snippet:-1, max-image-preview:large, max-video-preview:-1\" \/>\n<link rel=\"canonical\" href=\"https:\/\/iurisdoc.com\/es\/contacto\/\" \/>\n<meta property=\"og:locale\" content=\"es_ES\" \/>\n<meta property=\"og:type\" content=\"article\" \/>\n<meta property=\"og:title\" content=\"Cont\u00e1ctanos | Iuris.doc\" \/>\n<meta property=\"og:description\" content=\"Estrategias de comunicaci\u00f3n, contenidos, audiovisuales, dise\u00f1o y tecnolog\u00eda. Tenemos una buena historia. \u00bfNos permites contar la tuya?\" \/>\n<meta property=\"og:url\" content=\"https:\/\/iurisdoc.com\/es\/contacto\/\" \/>\n<meta property=\"og:site_name\" content=\"Iuris.doc\" \/>\n<meta property=\"article:modified_time\" content=\"2025-01-23T16:06:35+00:00\" \/>\n<meta name=\"twitter:card\" content=\"summary_large_image\" \/>\n<meta name=\"twitter:site\" content=\"@iurisdoc\" \/>\n<meta name=\"twitter:label1\" content=\"Tiempo de lectura\" \/>\n\t<meta name=\"twitter:data1\" content=\"1 minuto\" \/>\n<script type=\"application\/ld+json\" class=\"yoast-schema-graph\">{\"@context\":\"https:\\\/\\\/schema.org\",\"@graph\":[{\"@type\":\"WebPage\",\"@id\":\"https:\\\/\\\/iurisdoc.com\\\/es\\\/contacto\\\/\",\"url\":\"https:\\\/\\\/iurisdoc.com\\\/es\\\/contacto\\\/\",\"name\":\"Cont\u00e1ctanos | Iuris.doc\",\"isPartOf\":{\"@id\":\"https:\\\/\\\/iurisdoc.com\\\/#website\"},\"datePublished\":\"2024-10-07T17:07:42+00:00\",\"dateModified\":\"2025-01-23T16:06:35+00:00\",\"description\":\"Estrategias de comunicaci\u00f3n, contenidos, audiovisuales, dise\u00f1o y tecnolog\u00eda. Tenemos una buena historia. \u00bfNos permites contar la tuya?\",\"breadcrumb\":{\"@id\":\"https:\\\/\\\/iurisdoc.com\\\/es\\\/contacto\\\/#breadcrumb\"},\"inLanguage\":\"es\",\"potentialAction\":[{\"@type\":\"ReadAction\",\"target\":[\"https:\\\/\\\/iurisdoc.com\\\/es\\\/contacto\\\/\"]}]},{\"@type\":\"BreadcrumbList\",\"@id\":\"https:\\\/\\\/iurisdoc.com\\\/es\\\/contacto\\\/#breadcrumb\",\"itemListElement\":[{\"@type\":\"ListItem\",\"position\":1,\"name\":\"Inici\",\"item\":\"https:\\\/\\\/iurisdoc.com\\\/es\\\/\"},{\"@type\":\"ListItem\",\"position\":2,\"name\":\"Cont\u00e1ctanos\"}]},{\"@type\":\"WebSite\",\"@id\":\"https:\\\/\\\/iurisdoc.com\\\/#website\",\"url\":\"https:\\\/\\\/iurisdoc.com\\\/\",\"name\":\"Iuris.doc\",\"description\":\"Naturalment digitals\",\"publisher\":{\"@id\":\"https:\\\/\\\/iurisdoc.com\\\/#organization\"},\"alternateName\":\"Iurisdoc\",\"potentialAction\":[{\"@type\":\"SearchAction\",\"target\":{\"@type\":\"EntryPoint\",\"urlTemplate\":\"https:\\\/\\\/iurisdoc.com\\\/?s={search_term_string}\"},\"query-input\":{\"@type\":\"PropertyValueSpecification\",\"valueRequired\":true,\"valueName\":\"search_term_string\"}}],\"inLanguage\":\"es\"},{\"@type\":\"Organization\",\"@id\":\"https:\\\/\\\/iurisdoc.com\\\/#organization\",\"name\":\"Iuris.doc\",\"alternateName\":\"Iurisdoc\",\"url\":\"https:\\\/\\\/iurisdoc.com\\\/\",\"logo\":{\"@type\":\"ImageObject\",\"inLanguage\":\"es\",\"@id\":\"https:\\\/\\\/iurisdoc.com\\\/#\\\/schema\\\/logo\\\/image\\\/\",\"url\":\"https:\\\/\\\/iurisdoc.com\\\/wp-content\\\/uploads\\\/Logo-Iuris.svg\",\"contentUrl\":\"https:\\\/\\\/iurisdoc.com\\\/wp-content\\\/uploads\\\/Logo-Iuris.svg\",\"caption\":\"Iuris.doc\"},\"image\":{\"@id\":\"https:\\\/\\\/iurisdoc.com\\\/#\\\/schema\\\/logo\\\/image\\\/\"},\"sameAs\":[\"https:\\\/\\\/x.com\\\/iurisdoc\",\"https:\\\/\\\/www.instagram.com\\\/iurisdoc\",\"https:\\\/\\\/www.linkedin.com\\\/company\\\/iuris-doc-contenidos-digitales-\\\/\"]}]}<\/script>\n<!-- \/ Yoast SEO plugin. -->","yoast_head_json":{"title":"Cont\u00e1ctanos | Iuris.doc","description":"Estrategias de comunicaci\u00f3n, contenidos, audiovisuales, dise\u00f1o y tecnolog\u00eda. Tenemos una buena historia. \u00bfNos permites contar la tuya?","robots":{"index":"index","follow":"follow","max-snippet":"max-snippet:-1","max-image-preview":"max-image-preview:large","max-video-preview":"max-video-preview:-1"},"canonical":"https:\/\/iurisdoc.com\/es\/contacto\/","og_locale":"es_ES","og_type":"article","og_title":"Cont\u00e1ctanos | Iuris.doc","og_description":"Estrategias de comunicaci\u00f3n, contenidos, audiovisuales, dise\u00f1o y tecnolog\u00eda. Tenemos una buena historia. \u00bfNos permites contar la tuya?","og_url":"https:\/\/iurisdoc.com\/es\/contacto\/","og_site_name":"Iuris.doc","article_modified_time":"2025-01-23T16:06:35+00:00","twitter_card":"summary_large_image","twitter_site":"@iurisdoc","twitter_misc":{"Tiempo de lectura":"1 minuto"},"schema":{"@context":"https:\/\/schema.org","@graph":[{"@type":"WebPage","@id":"https:\/\/iurisdoc.com\/es\/contacto\/","url":"https:\/\/iurisdoc.com\/es\/contacto\/","name":"Cont\u00e1ctanos | Iuris.doc","isPartOf":{"@id":"https:\/\/iurisdoc.com\/#website"},"datePublished":"2024-10-07T17:07:42+00:00","dateModified":"2025-01-23T16:06:35+00:00","description":"Estrategias de comunicaci\u00f3n, contenidos, audiovisuales, dise\u00f1o y tecnolog\u00eda. Tenemos una buena historia. \u00bfNos permites contar la tuya?","breadcrumb":{"@id":"https:\/\/iurisdoc.com\/es\/contacto\/#breadcrumb"},"inLanguage":"es","potentialAction":[{"@type":"ReadAction","target":["https:\/\/iurisdoc.com\/es\/contacto\/"]}]},{"@type":"BreadcrumbList","@id":"https:\/\/iurisdoc.com\/es\/contacto\/#breadcrumb","itemListElement":[{"@type":"ListItem","position":1,"name":"Inici","item":"https:\/\/iurisdoc.com\/es\/"},{"@type":"ListItem","position":2,"name":"Cont\u00e1ctanos"}]},{"@type":"WebSite","@id":"https:\/\/iurisdoc.com\/#website","url":"https:\/\/iurisdoc.com\/","name":"Iuris.doc","description":"Naturalment digitals","publisher":{"@id":"https:\/\/iurisdoc.com\/#organization"},"alternateName":"Iurisdoc","potentialAction":[{"@type":"SearchAction","target":{"@type":"EntryPoint","urlTemplate":"https:\/\/iurisdoc.com\/?s={search_term_string}"},"query-input":{"@type":"PropertyValueSpecification","valueRequired":true,"valueName":"search_term_string"}}],"inLanguage":"es"},{"@type":"Organization","@id":"https:\/\/iurisdoc.com\/#organization","name":"Iuris.doc","alternateName":"Iurisdoc","url":"https:\/\/iurisdoc.com\/","logo":{"@type":"ImageObject","inLanguage":"es","@id":"https:\/\/iurisdoc.com\/#\/schema\/logo\/image\/","url":"https:\/\/iurisdoc.com\/wp-content\/uploads\/Logo-Iuris.svg","contentUrl":"https:\/\/iurisdoc.com\/wp-content\/uploads\/Logo-Iuris.svg","caption":"Iuris.doc"},"image":{"@id":"https:\/\/iurisdoc.com\/#\/schema\/logo\/image\/"},"sameAs":["https:\/\/x.com\/iurisdoc","https:\/\/www.instagram.com\/iurisdoc","https:\/\/www.linkedin.com\/company\/iuris-doc-contenidos-digitales-\/"]}]}},"_links":{"self":[{"href":"https:\/\/iurisdoc.com\/es\/wp-json\/wp\/v2\/pages\/11875","targetHints":{"allow":["GET"]}}],"collection":[{"href":"https:\/\/iurisdoc.com\/es\/wp-json\/wp\/v2\/pages"}],"about":[{"href":"https:\/\/iurisdoc.com\/es\/wp-json\/wp\/v2\/types\/page"}],"author":[{"embeddable":true,"href":"https:\/\/iurisdoc.com\/es\/wp-json\/wp\/v2\/users\/1"}],"replies":[{"embeddable":true,"href":"https:\/\/iurisdoc.com\/es\/wp-json\/wp\/v2\/comments?post=11875"}],"version-history":[{"count":7,"href":"https:\/\/iurisdoc.com\/es\/wp-json\/wp\/v2\/pages\/11875\/revisions"}],"predecessor-version":[{"id":12820,"href":"https:\/\/iurisdoc.com\/es\/wp-json\/wp\/v2\/pages\/11875\/revisions\/12820"}],"wp:attachment":[{"href":"https:\/\/iurisdoc.com\/es\/wp-json\/wp\/v2\/media?parent=11875"}],"curies":[{"name":"wp","href":"https:\/\/api.w.org\/{rel}","templated":true}]}}