{"id":11869,"date":"2024-09-23T11:37:45","date_gmt":"2024-09-23T11:37:45","guid":{"rendered":"https:\/\/iurisdoc.com\/aviso-legal\/"},"modified":"2025-01-23T15:56:52","modified_gmt":"2025-01-23T15:56:52","slug":"aviso-legal","status":"publish","type":"page","link":"https:\/\/iurisdoc.com\/es\/aviso-legal\/","title":{"rendered":"Aviso legal"},"content":{"rendered":"\n<h2 class=\"gb-headline gb-headline-40849e37 gb-headline-text\">Derechos de Propiedad Intelectual<\/h2>\n\n<p>Todos los contenidos del website www.iurisdoc.com, ya sean textos, im\u00e1genes, sonidos, archivos, animaciones, o cualquier otro elemento de su dise\u00f1o o estructura son propiedad exclusiva de IURIS.DOC SL, sociedad titular de la p\u00e1gina web domiciliada en la &#8216;Avda. Diagonal 340-348 08013 Barcelona, con CIF B-61857280 e inscrita en el Registro Mercantil de Barcelona volumen 31649, folio 0173, hoja 197081. Cualquier acto de distribuci\u00f3n o comunicaci\u00f3n p\u00fablica, reproducci\u00f3n o almacenamiento total o parcial, debe hacerse con el consentimiento previo de los responsables de IURIS.DOC.<\/p>\n\n<h2 class=\"gb-headline gb-headline-d96233fa gb-headline-text\">Garant\u00eda del anonimato en la navegaci\u00f3n por la p\u00e1gina web<\/h2>\n\n<p>IURIS.DOC realiza el seguimiento y an\u00e1lisis estad\u00edstico del tr\u00e1fico de visitas al website con el objetivo de mejorar y optimizar la estructura y contenidos ofrecidos. La informaci\u00f3n estad\u00edstica obtenida es totalmente an\u00f3nima y en ning\u00fan caso puede asociarse ni permitir la identificaci\u00f3n de un usuario concreto.<\/p>\n\n<h2 class=\"gb-headline gb-headline-f6dd7a46 gb-headline-text\">Links<\/h2>\n\n<p>La p\u00e1gina web puede contener enlaces hipertextuales (links) a otras p\u00e1ginas web gestionadas por terceros. El objetivo de estos enlaces es informar a los usuarios de otras fuentes de informaci\u00f3n existentes en la red que puedan resultar de inter\u00e9s. IURIS.DOC no se hace en ning\u00fan caso responsable de la informaci\u00f3n referenciada en estos links y no gestionada directamente por el Departamento de Contenidos digitales de IURIS.DOC.<\/p>\n\n<h2 class=\"gb-headline gb-headline-c2814543 gb-headline-text\">Disponibilidad y Accesibilidad en el sitio web<\/h2>\n\n<p>IURIS.DOC no garantiza en ning\u00fan caso la disponibilidad y continuidad del funcionamiento de la p\u00e1gina web y de los servicios, que pueden sufrir interrupciones por causas ajenas a la empresa. En la medida de lo posible, IURIS.DOC avisar\u00e1 con antelaci\u00f3n de cualquier tipo de interrupci\u00f3n en el funcionamiento que pueda sufrir la p\u00e1gina web.<\/p>\n\n<p>IURIS.DOC excluye cualquier responsabilidad por los da\u00f1os y perjuicios que la falta de disponibilidad de la p\u00e1gina web pueda causar a sus usuarios o clientes.<\/p>\n\n<h2 class=\"gb-headline gb-headline-5ae4557b gb-headline-text\">Uso de cookies<\/h2>\n\n<h3 class=\"gb-headline gb-headline-1438c6ee gb-headline-text\"><strong>Definici\u00f3n y funci\u00f3n de las cookies<\/strong><\/h3>\n\n<p>Una cookie es un archivo que se descarga en su ordenador al acceder a determinadas p\u00e1ginas web. Las cookies permiten a una p\u00e1gina web, entre otras cosas, almacenar y recuperar informaci\u00f3n sobre los h\u00e1bitos de navegaci\u00f3n de un usuario o de su equipo y, dependiendo de la informaci\u00f3n que contengan y de la forma en que utilice su equipo, se pueden utilizar para reconocer al usuario.<\/p>\n\n<h3 class=\"gb-headline gb-headline-c3d5b0bc gb-headline-text\"><strong>Cookies que utiliza la p\u00e1gina web<\/strong><\/h3>\n\n<p>Cookies de an\u00e1lisis: Son aquellas que bien tratadas por nosotros o por terceros, nos permiten cuantificar el n\u00famero de usuarios y as\u00ed realizar la medici\u00f3n y an\u00e1lisis estad\u00edstico de la utilizaci\u00f3n que realizan los usuarios. Para ello se analiza su navegaci\u00f3n en nuestra p\u00e1gina web con el fin de mejorar la oferta de servicios que le ofrecemos.<\/p>\n\n<p>Cookies publicitarias: Son aquellas que, bien tratadas por nosotros o por terceros, nos permiten gestionar de la forma m\u00e1s eficaz posible la oferta de los espacios publicitarios que existen en la p\u00e1gina web, adecuando el contenido del anuncio al contenido del servicio solo solicitado o al uso que realice de nuestra p\u00e1gina web. Para ello podemos analizar sus h\u00e1bitos de navegaci\u00f3n en Internet y mostrar publicidad relacionada con su perfil de navegaci\u00f3n.<\/p>\n\n<p>Puede usted permitir, bloquear o eliminar las cookies instaladas en su equipo mediante la configuraci\u00f3n de las opciones del navegador instalado en su ordenador.<\/p>\n\n<p class=\"gb-headline gb-headline-4cbffac0 gb-headline-text\"><strong><a>Configurar cookies<\/a><\/strong><\/p>\n","protected":false},"excerpt":{"rendered":"<p>Derechos de Propiedad Intelectual Todos los contenidos del website www.iurisdoc.com, ya sean textos, im\u00e1genes, sonidos, archivos, animaciones, o cualquier otro elemento de su dise\u00f1o o estructura son propiedad exclusiva de IURIS.DOC SL, sociedad titular de la p\u00e1gina web domiciliada en la &#8216;Avda. Diagonal 340-348 08013 Barcelona, con CIF B-61857280 e inscrita en el Registro Mercantil &#8230; <a title=\"Aviso legal\" class=\"read-more\" href=\"https:\/\/iurisdoc.com\/es\/aviso-legal\/\" aria-label=\"Leer m\u00e1s sobre Aviso legal\">Leer m\u00e1s<\/a><\/p>\n","protected":false},"author":1,"featured_media":0,"parent":0,"menu_order":0,"comment_status":"closed","ping_status":"closed","template":"","meta":{"_acf_changed":false,"footnotes":""},"class_list":{"0":"post-11869","1":"page","2":"type-page","3":"status-publish","5":"infinite-scroll-item"},"acf":[],"yoast_head":"<!-- This site is optimized with the Yoast SEO plugin v27.3 - https:\/\/yoast.com\/product\/yoast-seo-wordpress\/ -->\n<title>Aviso legal | Iuris.doc<\/title>\n<meta name=\"description\" content=\"Estrategias de comunicaci\u00f3n, contenidos, audiovisuales, dise\u00f1o y tecnolog\u00eda. Tenemos una buena historia. \u00bfNos permites contar la tuya?\" \/>\n<meta name=\"robots\" content=\"index, follow, max-snippet:-1, max-image-preview:large, max-video-preview:-1\" \/>\n<link rel=\"canonical\" href=\"https:\/\/iurisdoc.com\/es\/aviso-legal\/\" \/>\n<meta property=\"og:locale\" content=\"es_ES\" \/>\n<meta property=\"og:type\" content=\"article\" \/>\n<meta property=\"og:title\" content=\"Aviso legal | Iuris.doc\" \/>\n<meta property=\"og:description\" content=\"Estrategias de comunicaci\u00f3n, contenidos, audiovisuales, dise\u00f1o y tecnolog\u00eda. Tenemos una buena historia. \u00bfNos permites contar la tuya?\" \/>\n<meta property=\"og:url\" content=\"https:\/\/iurisdoc.com\/es\/aviso-legal\/\" \/>\n<meta property=\"og:site_name\" content=\"Iuris.doc\" \/>\n<meta property=\"article:modified_time\" content=\"2025-01-23T15:56:52+00:00\" \/>\n<meta name=\"twitter:card\" content=\"summary_large_image\" \/>\n<meta name=\"twitter:site\" content=\"@iurisdoc\" \/>\n<meta name=\"twitter:label1\" content=\"Tiempo de lectura\" \/>\n\t<meta name=\"twitter:data1\" content=\"3 minutos\" \/>\n<script type=\"application\/ld+json\" class=\"yoast-schema-graph\">{\"@context\":\"https:\\\/\\\/schema.org\",\"@graph\":[{\"@type\":\"WebPage\",\"@id\":\"https:\\\/\\\/iurisdoc.com\\\/es\\\/aviso-legal\\\/\",\"url\":\"https:\\\/\\\/iurisdoc.com\\\/es\\\/aviso-legal\\\/\",\"name\":\"Aviso legal | Iuris.doc\",\"isPartOf\":{\"@id\":\"https:\\\/\\\/iurisdoc.com\\\/#website\"},\"datePublished\":\"2024-09-23T11:37:45+00:00\",\"dateModified\":\"2025-01-23T15:56:52+00:00\",\"description\":\"Estrategias de comunicaci\u00f3n, contenidos, audiovisuales, dise\u00f1o y tecnolog\u00eda. Tenemos una buena historia. \u00bfNos permites contar la tuya?\",\"breadcrumb\":{\"@id\":\"https:\\\/\\\/iurisdoc.com\\\/es\\\/aviso-legal\\\/#breadcrumb\"},\"inLanguage\":\"es\",\"potentialAction\":[{\"@type\":\"ReadAction\",\"target\":[\"https:\\\/\\\/iurisdoc.com\\\/es\\\/aviso-legal\\\/\"]}]},{\"@type\":\"BreadcrumbList\",\"@id\":\"https:\\\/\\\/iurisdoc.com\\\/es\\\/aviso-legal\\\/#breadcrumb\",\"itemListElement\":[{\"@type\":\"ListItem\",\"position\":1,\"name\":\"Inici\",\"item\":\"https:\\\/\\\/iurisdoc.com\\\/es\\\/\"},{\"@type\":\"ListItem\",\"position\":2,\"name\":\"Aviso legal\"}]},{\"@type\":\"WebSite\",\"@id\":\"https:\\\/\\\/iurisdoc.com\\\/#website\",\"url\":\"https:\\\/\\\/iurisdoc.com\\\/\",\"name\":\"Iuris.doc\",\"description\":\"Naturalment digitals\",\"publisher\":{\"@id\":\"https:\\\/\\\/iurisdoc.com\\\/#organization\"},\"alternateName\":\"Iurisdoc\",\"potentialAction\":[{\"@type\":\"SearchAction\",\"target\":{\"@type\":\"EntryPoint\",\"urlTemplate\":\"https:\\\/\\\/iurisdoc.com\\\/?s={search_term_string}\"},\"query-input\":{\"@type\":\"PropertyValueSpecification\",\"valueRequired\":true,\"valueName\":\"search_term_string\"}}],\"inLanguage\":\"es\"},{\"@type\":\"Organization\",\"@id\":\"https:\\\/\\\/iurisdoc.com\\\/#organization\",\"name\":\"Iuris.doc\",\"alternateName\":\"Iurisdoc\",\"url\":\"https:\\\/\\\/iurisdoc.com\\\/\",\"logo\":{\"@type\":\"ImageObject\",\"inLanguage\":\"es\",\"@id\":\"https:\\\/\\\/iurisdoc.com\\\/#\\\/schema\\\/logo\\\/image\\\/\",\"url\":\"https:\\\/\\\/iurisdoc.com\\\/wp-content\\\/uploads\\\/Logo-Iuris.svg\",\"contentUrl\":\"https:\\\/\\\/iurisdoc.com\\\/wp-content\\\/uploads\\\/Logo-Iuris.svg\",\"caption\":\"Iuris.doc\"},\"image\":{\"@id\":\"https:\\\/\\\/iurisdoc.com\\\/#\\\/schema\\\/logo\\\/image\\\/\"},\"sameAs\":[\"https:\\\/\\\/x.com\\\/iurisdoc\",\"https:\\\/\\\/www.instagram.com\\\/iurisdoc\",\"https:\\\/\\\/www.linkedin.com\\\/company\\\/iuris-doc-contenidos-digitales-\\\/\"]}]}<\/script>\n<!-- \/ Yoast SEO plugin. -->","yoast_head_json":{"title":"Aviso legal | Iuris.doc","description":"Estrategias de comunicaci\u00f3n, contenidos, audiovisuales, dise\u00f1o y tecnolog\u00eda. Tenemos una buena historia. \u00bfNos permites contar la tuya?","robots":{"index":"index","follow":"follow","max-snippet":"max-snippet:-1","max-image-preview":"max-image-preview:large","max-video-preview":"max-video-preview:-1"},"canonical":"https:\/\/iurisdoc.com\/es\/aviso-legal\/","og_locale":"es_ES","og_type":"article","og_title":"Aviso legal | Iuris.doc","og_description":"Estrategias de comunicaci\u00f3n, contenidos, audiovisuales, dise\u00f1o y tecnolog\u00eda. Tenemos una buena historia. \u00bfNos permites contar la tuya?","og_url":"https:\/\/iurisdoc.com\/es\/aviso-legal\/","og_site_name":"Iuris.doc","article_modified_time":"2025-01-23T15:56:52+00:00","twitter_card":"summary_large_image","twitter_site":"@iurisdoc","twitter_misc":{"Tiempo de lectura":"3 minutos"},"schema":{"@context":"https:\/\/schema.org","@graph":[{"@type":"WebPage","@id":"https:\/\/iurisdoc.com\/es\/aviso-legal\/","url":"https:\/\/iurisdoc.com\/es\/aviso-legal\/","name":"Aviso legal | Iuris.doc","isPartOf":{"@id":"https:\/\/iurisdoc.com\/#website"},"datePublished":"2024-09-23T11:37:45+00:00","dateModified":"2025-01-23T15:56:52+00:00","description":"Estrategias de comunicaci\u00f3n, contenidos, audiovisuales, dise\u00f1o y tecnolog\u00eda. Tenemos una buena historia. \u00bfNos permites contar la tuya?","breadcrumb":{"@id":"https:\/\/iurisdoc.com\/es\/aviso-legal\/#breadcrumb"},"inLanguage":"es","potentialAction":[{"@type":"ReadAction","target":["https:\/\/iurisdoc.com\/es\/aviso-legal\/"]}]},{"@type":"BreadcrumbList","@id":"https:\/\/iurisdoc.com\/es\/aviso-legal\/#breadcrumb","itemListElement":[{"@type":"ListItem","position":1,"name":"Inici","item":"https:\/\/iurisdoc.com\/es\/"},{"@type":"ListItem","position":2,"name":"Aviso legal"}]},{"@type":"WebSite","@id":"https:\/\/iurisdoc.com\/#website","url":"https:\/\/iurisdoc.com\/","name":"Iuris.doc","description":"Naturalment digitals","publisher":{"@id":"https:\/\/iurisdoc.com\/#organization"},"alternateName":"Iurisdoc","potentialAction":[{"@type":"SearchAction","target":{"@type":"EntryPoint","urlTemplate":"https:\/\/iurisdoc.com\/?s={search_term_string}"},"query-input":{"@type":"PropertyValueSpecification","valueRequired":true,"valueName":"search_term_string"}}],"inLanguage":"es"},{"@type":"Organization","@id":"https:\/\/iurisdoc.com\/#organization","name":"Iuris.doc","alternateName":"Iurisdoc","url":"https:\/\/iurisdoc.com\/","logo":{"@type":"ImageObject","inLanguage":"es","@id":"https:\/\/iurisdoc.com\/#\/schema\/logo\/image\/","url":"https:\/\/iurisdoc.com\/wp-content\/uploads\/Logo-Iuris.svg","contentUrl":"https:\/\/iurisdoc.com\/wp-content\/uploads\/Logo-Iuris.svg","caption":"Iuris.doc"},"image":{"@id":"https:\/\/iurisdoc.com\/#\/schema\/logo\/image\/"},"sameAs":["https:\/\/x.com\/iurisdoc","https:\/\/www.instagram.com\/iurisdoc","https:\/\/www.linkedin.com\/company\/iuris-doc-contenidos-digitales-\/"]}]}},"_links":{"self":[{"href":"https:\/\/iurisdoc.com\/es\/wp-json\/wp\/v2\/pages\/11869","targetHints":{"allow":["GET"]}}],"collection":[{"href":"https:\/\/iurisdoc.com\/es\/wp-json\/wp\/v2\/pages"}],"about":[{"href":"https:\/\/iurisdoc.com\/es\/wp-json\/wp\/v2\/types\/page"}],"author":[{"embeddable":true,"href":"https:\/\/iurisdoc.com\/es\/wp-json\/wp\/v2\/users\/1"}],"replies":[{"embeddable":true,"href":"https:\/\/iurisdoc.com\/es\/wp-json\/wp\/v2\/comments?post=11869"}],"version-history":[{"count":6,"href":"https:\/\/iurisdoc.com\/es\/wp-json\/wp\/v2\/pages\/11869\/revisions"}],"predecessor-version":[{"id":12772,"href":"https:\/\/iurisdoc.com\/es\/wp-json\/wp\/v2\/pages\/11869\/revisions\/12772"}],"wp:attachment":[{"href":"https:\/\/iurisdoc.com\/es\/wp-json\/wp\/v2\/media?parent=11869"}],"curies":[{"name":"wp","href":"https:\/\/api.w.org\/{rel}","templated":true}]}}