{"id":11005,"date":"2024-09-22T16:24:23","date_gmt":"2024-09-22T16:24:23","guid":{"rendered":"https:\/\/iurisdoc.com\/clientes\/"},"modified":"2025-01-23T16:04:44","modified_gmt":"2025-01-23T16:04:44","slug":"clientes","status":"publish","type":"page","link":"https:\/\/iurisdoc.com\/es\/clientes\/","title":{"rendered":"Clientes"},"content":{"rendered":"<section class=\"gb-container gb-container-52ef7c2f alignfull\">\n<div class=\"gb-container gb-container-bfbe29c0 section-inner\">\n<div class=\"gb-container gb-container-c8f1518e anchor-wrapper\" id=\"cultura-i-turisme\">\n\n<h2 class=\"gb-headline gb-headline-a66f0df1 gb-headline-text section-title\" data-aos=\"fade\">\u00e1mbito <strong>Cultura<\/strong><\/h2>\n\n\n<div class=\"gb-grid-wrapper gb-grid-wrapper-e65817ae clientsGrid\">\n<div class=\"gb-grid-column gb-grid-column-56d63d2e\"><div class=\"gb-container gb-container-56d63d2e\">\n\n<div class=\"gb-headline gb-headline-97e16842 gb-headline-text text-medium\"><strong>Generalitat de Catalunya<\/strong><\/div>\n\n\n\n<div class=\"gb-headline gb-headline-930a90fa gb-headline-text text-medium\"><strong>Instituto de Cultura de Barcelona<\/strong><\/div>\n\n\n\n<div class=\"gb-headline gb-headline-1188490f gb-headline-text text-medium\"><strong>Fabra y Coats<\/strong><\/div>\n\n\n\n<div class=\"gb-headline gb-headline-16f2ffe7 gb-headline-text text-medium\"><strong>Espais Escrits<\/strong><\/div>\n\n\n\n<div class=\"gb-headline gb-headline-29f827bf gb-headline-text text-medium\"><strong>MNAC<\/strong><\/div>\n\n\n\n<div class=\"gb-headline gb-headline-75f33933 gb-headline-text text-medium\"><strong>CaixaForum<\/strong><\/div>\n\n\n\n<div class=\"gb-headline gb-headline-85b1481b gb-headline-text text-medium\"><strong>Museo Mar\u00edtimo Barcelona<\/strong><\/div>\n\n\n\n<div class=\"gb-headline gb-headline-07f95693 gb-headline-text text-medium\">Biblioteca de <strong>Catalu\u00f1a<\/strong><\/div>\n\n\n\n<div class=\"gb-headline gb-headline-39f83407 gb-headline-text text-medium\"><strong>Teatre Lliure<\/strong><\/div>\n\n\n\n<div class=\"gb-headline gb-headline-736a8f72 gb-headline-text text-medium\"><strong>GRIEGO<\/strong> Festival de Barcelona<\/div>\n\n\n\n<div class=\"gb-headline gb-headline-85a85e10 gb-headline-text text-medium\"><strong>Casa Am\u00e9rica Catalu\u00f1a<\/strong><\/div>\n\n\n\n<div class=\"gb-headline gb-headline-ea70e668 gb-headline-text text-medium\"><strong>Museo Ciencias Naturales de Barcelona<\/strong><\/div>\n\n\n\n<div class=\"gb-headline gb-headline-5e379fe9 gb-headline-text text-medium\">Grupo <strong>Enciclop\u00e8dia Catalana<\/strong><\/div>\n\n\n\n<div class=\"gb-headline gb-headline-fc1a70bf gb-headline-text text-medium\">Fundaci\u00f3 <strong>Joan Mir\u00f3<\/strong><\/div>\n\n\n\n<div class=\"gb-headline gb-headline-b4703094 gb-headline-text text-medium\"><strong>MACBA<\/strong><\/div>\n\n\n\n<div class=\"gb-headline gb-headline-8d97922d gb-headline-text text-medium\"><strong>MNAC<\/strong> TEC<\/div>\n\n\n\n<div class=\"gb-headline gb-headline-120fba4c gb-headline-text text-medium\"><strong>Dise\u00f1o Hub Barcelona<\/strong><\/div>\n\n<\/div><\/div>\n\n<div class=\"gb-grid-column gb-grid-column-4ed95540\"><div class=\"gb-container gb-container-4ed95540\">\n\n<div class=\"gb-headline gb-headline-8ddb5f54 gb-headline-text text-medium\">Agencia Catalana de <strong>Patrimonio Cultural<\/strong><\/div>\n\n\n\n<div class=\"gb-headline gb-headline-13d763b0 gb-headline-text text-medium\">Fundaci\u00f3n <strong>\u201cla Caixa\u201d<\/strong><\/div>\n\n\n\n<div class=\"gb-headline gb-headline-3e52a089 gb-headline-text text-medium\"><strong>Diputaci\u00f3 Barcelona<\/strong><\/div>\n\n\n\n<div class=\"gb-headline gb-headline-24b9d8f7 gb-headline-text text-medium\"><strong>El Born CCM<\/strong><\/div>\n\n\n\n<div class=\"gb-headline gb-headline-6419efda gb-headline-text text-medium\"><strong>Red de Archivos Comarcales de Catalu\u00f1a<\/strong><\/div>\n\n\n\n<div class=\"gb-headline gb-headline-410c0e55 gb-headline-text text-medium\"><strong>CCCB<\/strong><\/div>\n\n\n\n<div class=\"gb-headline gb-headline-f20465e7 gb-headline-text text-medium\"><strong>Museo de Historia de Catalu\u00f1a<\/strong><\/div>\n\n\n\n<div class=\"gb-headline gb-headline-b44dd4d8 gb-headline-text text-medium\"><strong>Teatro Akademia<\/strong><\/div>\n\n\n\n<div class=\"gb-headline gb-headline-c3fb4163 gb-headline-text text-medium\">Fundaci\u00f3 <strong>Joan Brossa<\/strong><\/div>\n\n\n\n<div class=\"gb-headline gb-headline-c24cf893 gb-headline-text text-medium\">Asociaci\u00f3n <strong>muse\u00f3logos de Catalu\u00f1a<\/strong><\/div>\n\n\n\n<div class=\"gb-headline gb-headline-df6965c8 gb-headline-text text-medium\">Asociaci\u00f3 <strong>Joan Pon\u00e7<\/strong><\/div>\n\n\n\n<div class=\"gb-headline gb-headline-56c96108 gb-headline-text text-medium\"><strong>Red de Museos de Ciencias Naturales<\/strong><\/div>\n\n\n\n<div class=\"gb-headline gb-headline-4604fbfb gb-headline-text text-medium\"><strong>Red de Museos de Arte de Catalu\u00f1a<\/strong><\/div>\n\n\n\n<div class=\"gb-headline gb-headline-40550c19 gb-headline-text text-medium\"><strong>Museo del traje de Madrid<\/strong><\/div>\n\n\n\n<div class=\"gb-headline gb-headline-a08d5459 gb-headline-text text-medium\"><strong>Memorial Democr\u00e1tico<\/strong><\/div>\n\n\n\n<div class=\"gb-headline gb-headline-52fa61f4 gb-headline-text text-medium\"><strong>Archivo BCN<\/strong><\/div>\n\n<\/div><\/div>\n<\/div>\n<\/div>\n\n<div class=\"gb-container gb-container-7610942a anchor-wrapper\" id=\"ciencia-i-recerca\">\n\n<h2 class=\"gb-headline gb-headline-c1d4954d gb-headline-text section-title\" data-aos=\"fade\">\u00e1mbito <strong>Ciencia e Investigaci\u00f3n<\/strong><\/h2>\n\n\n<div class=\"gb-grid-wrapper gb-grid-wrapper-a778839c clientsGrid\">\n<div class=\"gb-grid-column gb-grid-column-d123a919\"><div class=\"gb-container gb-container-d123a919\">\n\n<div class=\"gb-headline gb-headline-2e2e6f69 gb-headline-text text-medium\"><strong>Parque Cient\u00edfico de Barcelona<\/strong><\/div>\n\n\n\n<div class=\"gb-headline gb-headline-a32b9f58 gb-headline-text text-medium\"><strong>Biocat<\/strong><\/div>\n\n\n\n<div class=\"gb-headline gb-headline-727ca361 gb-headline-text text-medium\"><strong>ITEMAS ISCIII<\/strong><\/div>\n\n\n\n<div class=\"gb-headline gb-headline-956884c1 gb-headline-text text-medium\">Sincrotr\u00f3n&nbsp; <strong>ALBA<\/strong><\/div>\n\n\n\n<div class=\"gb-headline gb-headline-095a9ae1 gb-headline-text text-medium\"><strong>CERCA<\/strong><\/div>\n\n\n\n<div class=\"gb-headline gb-headline-e1746774 gb-headline-text text-medium\"><strong>Instituto Catal\u00e1n de Nanociencia y nanotecnolog\u00eda<\/strong><\/div>\n\n\n\n<div class=\"gb-headline gb-headline-e45afad1 gb-headline-text text-medium\"><strong>IRB<\/strong> Lleida<\/div>\n\n\n\n<div class=\"gb-headline gb-headline-80dac7b7 gb-headline-text text-medium\"><strong>CCABA<\/strong><\/div>\n\n\n\n<div class=\"gb-headline gb-headline-d5f3effa gb-headline-text text-medium\"><strong>IBEC<\/strong><\/div>\n\n\n\n<div class=\"gb-headline gb-headline-b8030db1 gb-headline-text text-medium\"><strong>IDIBELL<\/strong><\/div>\n\n\n\n<div class=\"gb-headline gb-headline-d1a4ef85 gb-headline-text text-medium\">Fundaci\u00f3n <strong>i2CAT<\/strong><\/div>\n\n<\/div><\/div>\n\n<div class=\"gb-grid-column gb-grid-column-f3b21d4f\"><div class=\"gb-container gb-container-f3b21d4f\">\n\n<div class=\"gb-headline gb-headline-135bab48 gb-headline-text text-medium\"><strong>Grifols<\/strong><\/div>\n\n\n\n<div class=\"gb-headline gb-headline-3833e09f gb-headline-text text-medium\"><strong>Agencia de Salud P\u00fablica<\/strong><\/div>\n\n\n\n<div class=\"gb-headline gb-headline-c4f078b5 gb-headline-text text-medium\"><strong>IRTA<\/strong><\/div>\n\n\n\n<div class=\"gb-headline gb-headline-b1138fca gb-headline-text text-medium\"><strong>Divulcado<\/strong><\/div>\n\n\n\n<div class=\"gb-headline gb-headline-0b44e74f gb-headline-text text-medium\"><strong>IRB<\/strong> Barcelona<\/div>\n\n\n\n<div class=\"gb-headline gb-headline-719ff957 gb-headline-text text-medium\"><strong>Hospital General Granollers<\/strong><\/div>\n\n\n\n<div class=\"gb-headline gb-headline-33e46c38 gb-headline-text text-medium\"><strong>Parque de Investigaci\u00f3n UAB<\/strong><\/div>\n\n\n\n<div class=\"gb-headline gb-headline-66b292d6 gb-headline-text text-medium\"><strong>CRAG<\/strong><\/div>\n\n\n\n<div class=\"gb-headline gb-headline-e5bb63f3 gb-headline-text text-medium\"><strong>Instituto de Ciencias del Mar-CSIC<\/strong><\/div>\n\n\n\n<div class=\"gb-headline gb-headline-9e956257 gb-headline-text text-medium\"><strong>Centro Tecnol\u00f3gico de Telecomunicaciones de Catalu\u00f1a<\/strong><\/div>\n\n<\/div><\/div>\n<\/div>\n<\/div>\n\n<div class=\"gb-container gb-container-2993e425 anchor-wrapper\" id=\"educacio\">\n\n<h2 class=\"gb-headline gb-headline-f466917b gb-headline-text section-title\" data-aos=\"fade\">\u00e1mbito <strong>educaci\u00f3n<\/strong><\/h2>\n\n\n<div class=\"gb-grid-wrapper gb-grid-wrapper-41ed9524 clientsGrid\">\n<div class=\"gb-grid-column gb-grid-column-24d32bff\"><div class=\"gb-container gb-container-24d32bff\">\n\n<div class=\"gb-headline gb-headline-d46f1046 gb-headline-text text-medium client\"><strong>Generalitat de Catalunya -Departamento de Educaci\u00f3n<\/strong><\/div>\n\n\n\n<div class=\"gb-headline gb-headline-b8ce4a7e gb-headline-text text-medium client\"><strong>Ayuntamiento de Barcelona \u2013 Cultura y Educaci\u00f3n<\/strong><\/div>\n\n\n\n<div class=\"gb-headline gb-headline-a99d3b20 gb-headline-text text-medium\">Fundaci\u00f3n <strong>Collserola<\/strong><\/div>\n\n\n\n<div class=\"gb-headline gb-headline-a02196a6 gb-headline-text text-medium\">Fundaci\u00f3n <strong>Instituto de Psicolog\u00eda<\/strong><\/div>\n\n\n\n<div class=\"gb-headline gb-headline-1f90ca0b gb-headline-text text-medium\"><strong>UB<\/strong><\/div>\n\n\n\n<div class=\"gb-headline gb-headline-2b286819 gb-headline-text text-medium\"><strong>UAB<\/strong><\/div>\n\n<\/div><\/div>\n\n<div class=\"gb-grid-column gb-grid-column-537c2ca8\"><div class=\"gb-container gb-container-537c2ca8\">\n\n<div class=\"gb-headline gb-headline-837877e8 gb-headline-text text-medium\"><strong>UOC<\/strong><\/div>\n\n\n\n<div class=\"gb-headline gb-headline-35340277 gb-headline-text text-medium\"><strong>Escuela de Administraci\u00f3n P\u00fablica<\/strong><\/div>\n\n\n\n<div class=\"gb-headline gb-headline-d2758f7a gb-headline-text text-medium client\"><strong>Reimagine Education<\/strong><\/div>\n\n\n\n<div class=\"gb-headline gb-headline-5360b0a5 gb-headline-text text-medium\"><strong>AQU<\/strong><\/div>\n\n\n\n<div class=\"gb-headline gb-headline-cf8e3ebc gb-headline-text text-medium\">Fundaci\u00f3n <strong>Bofill<\/strong><\/div>\n\n<\/div><\/div>\n<\/div>\n<\/div>\n\n<div class=\"gb-container gb-container-03f448d0 anchor-wrapper\" id=\"sostenibilitat-i-empresa\">\n\n<h2 class=\"gb-headline gb-headline-8488c857 gb-headline-text section-title\" data-aos=\"fade\">\u00e1mbito <strong>Sostenibilidad y Empresa<\/strong><\/h2>\n\n\n<div class=\"gb-grid-wrapper gb-grid-wrapper-3dd1ca64 clientsGrid\">\n<div class=\"gb-grid-column gb-grid-column-5f0c6140\"><div class=\"gb-container gb-container-5f0c6140\">\n\n<div class=\"gb-headline gb-headline-a8f8d559 gb-headline-text text-medium client\"><strong>Agenda 2030<\/strong><\/div>\n\n\n\n<div class=\"gb-headline gb-headline-fcf0afae gb-headline-text text-medium\"><strong>Barcelona Activa<\/strong><\/div>\n\n\n\n<div class=\"gb-headline gb-headline-ef29e762 gb-headline-text text-medium client\"><strong>Agencia de Ciberseguridad de Catalu\u00f1a<\/strong><\/div>\n\n\n\n<div class=\"gb-headline gb-headline-711f5c75 gb-headline-text text-medium\"><strong>Centro Iberoamericano del Desarrollo Estrat\u00e9gico Urbano<\/strong><\/div>\n\n<\/div><\/div>\n\n<div class=\"gb-grid-column gb-grid-column-68d81487\"><div class=\"gb-container gb-container-68d81487\">\n\n<div class=\"gb-headline gb-headline-fcc023ba gb-headline-text text-medium client\">Barcelona <strong>Agenda 2030<\/strong><\/div>\n\n\n\n<div class=\"gb-headline gb-headline-8490871e gb-headline-text text-medium\"><strong>Instituto Municipal de Vivienda<\/strong><\/div>\n\n\n\n<div class=\"gb-headline gb-headline-76dd3381 gb-headline-text text-medium\"><strong>Agencia Catalana de Turismo<\/strong><\/div>\n\n\n\n<div class=\"gb-headline gb-headline-20402cf0 gb-headline-text text-medium\"><strong>Fira Barcelona<\/strong><\/div>\n\n<\/div><\/div>\n<\/div>\n<\/div>\n<\/div>\n<\/section>","protected":false},"excerpt":{"rendered":"<p>\u00e1mbito Cultura \u00e1mbito Ciencia e Investigaci\u00f3n \u00e1mbito educaci\u00f3n \u00e1mbito Sostenibilidad y Empresa<\/p>\n","protected":false},"author":1,"featured_media":0,"parent":0,"menu_order":0,"comment_status":"closed","ping_status":"closed","template":"","meta":{"_acf_changed":false,"footnotes":""},"class_list":{"0":"post-11005","1":"page","2":"type-page","3":"status-publish","5":"infinite-scroll-item"},"acf":[],"yoast_head":"<!-- This site is optimized with the Yoast SEO plugin v27.3 - https:\/\/yoast.com\/product\/yoast-seo-wordpress\/ -->\n<title>Clientes | Iuris.doc<\/title>\n<meta name=\"description\" content=\"Estrategias de comunicaci\u00f3n, contenidos, audiovisuales, dise\u00f1o y tecnolog\u00eda. Tenemos una buena historia. \u00bfNos permites contar la tuya?\" \/>\n<meta name=\"robots\" content=\"index, follow, max-snippet:-1, max-image-preview:large, max-video-preview:-1\" \/>\n<link rel=\"canonical\" href=\"https:\/\/iurisdoc.com\/es\/clientes\/\" \/>\n<meta property=\"og:locale\" content=\"es_ES\" \/>\n<meta property=\"og:type\" content=\"article\" \/>\n<meta property=\"og:title\" content=\"Clientes | Iuris.doc\" \/>\n<meta property=\"og:description\" content=\"Estrategias de comunicaci\u00f3n, contenidos, audiovisuales, dise\u00f1o y tecnolog\u00eda. Tenemos una buena historia. \u00bfNos permites contar la tuya?\" \/>\n<meta property=\"og:url\" content=\"https:\/\/iurisdoc.com\/es\/clientes\/\" \/>\n<meta property=\"og:site_name\" content=\"Iuris.doc\" \/>\n<meta property=\"article:modified_time\" content=\"2025-01-23T16:04:44+00:00\" \/>\n<meta name=\"twitter:card\" content=\"summary_large_image\" \/>\n<meta name=\"twitter:site\" content=\"@iurisdoc\" \/>\n<meta name=\"twitter:label1\" content=\"Tiempo de lectura\" \/>\n\t<meta name=\"twitter:data1\" content=\"2 minutos\" \/>\n<script type=\"application\/ld+json\" class=\"yoast-schema-graph\">{\"@context\":\"https:\\\/\\\/schema.org\",\"@graph\":[{\"@type\":\"WebPage\",\"@id\":\"https:\\\/\\\/iurisdoc.com\\\/es\\\/clientes\\\/\",\"url\":\"https:\\\/\\\/iurisdoc.com\\\/es\\\/clientes\\\/\",\"name\":\"Clientes | Iuris.doc\",\"isPartOf\":{\"@id\":\"https:\\\/\\\/iurisdoc.com\\\/#website\"},\"datePublished\":\"2024-09-22T16:24:23+00:00\",\"dateModified\":\"2025-01-23T16:04:44+00:00\",\"description\":\"Estrategias de comunicaci\u00f3n, contenidos, audiovisuales, dise\u00f1o y tecnolog\u00eda. Tenemos una buena historia. \u00bfNos permites contar la tuya?\",\"breadcrumb\":{\"@id\":\"https:\\\/\\\/iurisdoc.com\\\/es\\\/clientes\\\/#breadcrumb\"},\"inLanguage\":\"es\",\"potentialAction\":[{\"@type\":\"ReadAction\",\"target\":[\"https:\\\/\\\/iurisdoc.com\\\/es\\\/clientes\\\/\"]}]},{\"@type\":\"BreadcrumbList\",\"@id\":\"https:\\\/\\\/iurisdoc.com\\\/es\\\/clientes\\\/#breadcrumb\",\"itemListElement\":[{\"@type\":\"ListItem\",\"position\":1,\"name\":\"Inici\",\"item\":\"https:\\\/\\\/iurisdoc.com\\\/es\\\/\"},{\"@type\":\"ListItem\",\"position\":2,\"name\":\"Clientes\"}]},{\"@type\":\"WebSite\",\"@id\":\"https:\\\/\\\/iurisdoc.com\\\/#website\",\"url\":\"https:\\\/\\\/iurisdoc.com\\\/\",\"name\":\"Iuris.doc\",\"description\":\"Naturalment digitals\",\"publisher\":{\"@id\":\"https:\\\/\\\/iurisdoc.com\\\/#organization\"},\"alternateName\":\"Iurisdoc\",\"potentialAction\":[{\"@type\":\"SearchAction\",\"target\":{\"@type\":\"EntryPoint\",\"urlTemplate\":\"https:\\\/\\\/iurisdoc.com\\\/?s={search_term_string}\"},\"query-input\":{\"@type\":\"PropertyValueSpecification\",\"valueRequired\":true,\"valueName\":\"search_term_string\"}}],\"inLanguage\":\"es\"},{\"@type\":\"Organization\",\"@id\":\"https:\\\/\\\/iurisdoc.com\\\/#organization\",\"name\":\"Iuris.doc\",\"alternateName\":\"Iurisdoc\",\"url\":\"https:\\\/\\\/iurisdoc.com\\\/\",\"logo\":{\"@type\":\"ImageObject\",\"inLanguage\":\"es\",\"@id\":\"https:\\\/\\\/iurisdoc.com\\\/#\\\/schema\\\/logo\\\/image\\\/\",\"url\":\"https:\\\/\\\/iurisdoc.com\\\/wp-content\\\/uploads\\\/Logo-Iuris.svg\",\"contentUrl\":\"https:\\\/\\\/iurisdoc.com\\\/wp-content\\\/uploads\\\/Logo-Iuris.svg\",\"caption\":\"Iuris.doc\"},\"image\":{\"@id\":\"https:\\\/\\\/iurisdoc.com\\\/#\\\/schema\\\/logo\\\/image\\\/\"},\"sameAs\":[\"https:\\\/\\\/x.com\\\/iurisdoc\",\"https:\\\/\\\/www.instagram.com\\\/iurisdoc\",\"https:\\\/\\\/www.linkedin.com\\\/company\\\/iuris-doc-contenidos-digitales-\\\/\"]}]}<\/script>\n<!-- \/ Yoast SEO plugin. -->","yoast_head_json":{"title":"Clientes | Iuris.doc","description":"Estrategias de comunicaci\u00f3n, contenidos, audiovisuales, dise\u00f1o y tecnolog\u00eda. Tenemos una buena historia. \u00bfNos permites contar la tuya?","robots":{"index":"index","follow":"follow","max-snippet":"max-snippet:-1","max-image-preview":"max-image-preview:large","max-video-preview":"max-video-preview:-1"},"canonical":"https:\/\/iurisdoc.com\/es\/clientes\/","og_locale":"es_ES","og_type":"article","og_title":"Clientes | Iuris.doc","og_description":"Estrategias de comunicaci\u00f3n, contenidos, audiovisuales, dise\u00f1o y tecnolog\u00eda. Tenemos una buena historia. \u00bfNos permites contar la tuya?","og_url":"https:\/\/iurisdoc.com\/es\/clientes\/","og_site_name":"Iuris.doc","article_modified_time":"2025-01-23T16:04:44+00:00","twitter_card":"summary_large_image","twitter_site":"@iurisdoc","twitter_misc":{"Tiempo de lectura":"2 minutos"},"schema":{"@context":"https:\/\/schema.org","@graph":[{"@type":"WebPage","@id":"https:\/\/iurisdoc.com\/es\/clientes\/","url":"https:\/\/iurisdoc.com\/es\/clientes\/","name":"Clientes | Iuris.doc","isPartOf":{"@id":"https:\/\/iurisdoc.com\/#website"},"datePublished":"2024-09-22T16:24:23+00:00","dateModified":"2025-01-23T16:04:44+00:00","description":"Estrategias de comunicaci\u00f3n, contenidos, audiovisuales, dise\u00f1o y tecnolog\u00eda. Tenemos una buena historia. \u00bfNos permites contar la tuya?","breadcrumb":{"@id":"https:\/\/iurisdoc.com\/es\/clientes\/#breadcrumb"},"inLanguage":"es","potentialAction":[{"@type":"ReadAction","target":["https:\/\/iurisdoc.com\/es\/clientes\/"]}]},{"@type":"BreadcrumbList","@id":"https:\/\/iurisdoc.com\/es\/clientes\/#breadcrumb","itemListElement":[{"@type":"ListItem","position":1,"name":"Inici","item":"https:\/\/iurisdoc.com\/es\/"},{"@type":"ListItem","position":2,"name":"Clientes"}]},{"@type":"WebSite","@id":"https:\/\/iurisdoc.com\/#website","url":"https:\/\/iurisdoc.com\/","name":"Iuris.doc","description":"Naturalment digitals","publisher":{"@id":"https:\/\/iurisdoc.com\/#organization"},"alternateName":"Iurisdoc","potentialAction":[{"@type":"SearchAction","target":{"@type":"EntryPoint","urlTemplate":"https:\/\/iurisdoc.com\/?s={search_term_string}"},"query-input":{"@type":"PropertyValueSpecification","valueRequired":true,"valueName":"search_term_string"}}],"inLanguage":"es"},{"@type":"Organization","@id":"https:\/\/iurisdoc.com\/#organization","name":"Iuris.doc","alternateName":"Iurisdoc","url":"https:\/\/iurisdoc.com\/","logo":{"@type":"ImageObject","inLanguage":"es","@id":"https:\/\/iurisdoc.com\/#\/schema\/logo\/image\/","url":"https:\/\/iurisdoc.com\/wp-content\/uploads\/Logo-Iuris.svg","contentUrl":"https:\/\/iurisdoc.com\/wp-content\/uploads\/Logo-Iuris.svg","caption":"Iuris.doc"},"image":{"@id":"https:\/\/iurisdoc.com\/#\/schema\/logo\/image\/"},"sameAs":["https:\/\/x.com\/iurisdoc","https:\/\/www.instagram.com\/iurisdoc","https:\/\/www.linkedin.com\/company\/iuris-doc-contenidos-digitales-\/"]}]}},"_links":{"self":[{"href":"https:\/\/iurisdoc.com\/es\/wp-json\/wp\/v2\/pages\/11005","targetHints":{"allow":["GET"]}}],"collection":[{"href":"https:\/\/iurisdoc.com\/es\/wp-json\/wp\/v2\/pages"}],"about":[{"href":"https:\/\/iurisdoc.com\/es\/wp-json\/wp\/v2\/types\/page"}],"author":[{"embeddable":true,"href":"https:\/\/iurisdoc.com\/es\/wp-json\/wp\/v2\/users\/1"}],"replies":[{"embeddable":true,"href":"https:\/\/iurisdoc.com\/es\/wp-json\/wp\/v2\/comments?post=11005"}],"version-history":[{"count":6,"href":"https:\/\/iurisdoc.com\/es\/wp-json\/wp\/v2\/pages\/11005\/revisions"}],"predecessor-version":[{"id":12867,"href":"https:\/\/iurisdoc.com\/es\/wp-json\/wp\/v2\/pages\/11005\/revisions\/12867"}],"wp:attachment":[{"href":"https:\/\/iurisdoc.com\/es\/wp-json\/wp\/v2\/media?parent=11005"}],"curies":[{"name":"wp","href":"https:\/\/api.w.org\/{rel}","templated":true}]}}